{"id":332513,"date":"2024-03-01T19:05:23","date_gmt":"2024-03-01T18:05:23","guid":{"rendered":"https:\/\/gajostest.a2hosted.com\/eshop\/wilk-mf-esd-s1p-src-sandale\/"},"modified":"2026-04-15T21:20:41","modified_gmt":"2026-04-15T19:20:41","slug":"wilk-mf-esd-s1p-src-sandale","status":"publish","type":"product","link":"https:\/\/gajos.sk\/eshop\/p\/wilk-mf-esd-s1p-src-sandale\/","title":{"rendered":"WILK MF ESD S1P SRC sand\u00e1le"},"content":{"rendered":"","protected":false},"excerpt":{"rendered":"<p>Tento model je \u00faplne bez kovov\u00fdch \u010dast\u00ed. V\u010faka tomu je \u013eah\u0161\u00ed ako in\u00e9 modely, \u010do je pre celodenn\u00e9 nosenie ve\u013ekou v\u00fdhodou. Jazyk a golier top\u00e1nky s\u00fa vybaven\u00e9 anatomick\u00fdm polstrovan\u00edm pre maxim\u00e1lne pohodlie a dobr\u00fa ergon\u00f3miu nohy. Zap\u00ednanie pomocou such\u00e9ho zipsu u\u013eah\u010duje ob\u00favanie a vyz\u00favanie. Pod\u0161\u00edvka zo \u0161peci\u00e1lnej tkaniny AIRNET mesh je v\u010faka technol\u00f3gii mikrokan\u00e1likov mimoriadne priedu\u0161n\u00e1 a odoln\u00e1 proti oderu. Beh\u00fa\u0148 top\u00e1nky zais\u0165uje maxim\u00e1lnu odolnos\u0165 proti sklzu a odolnos\u0165 pohonn\u00fdm hmot\u00e1m. Model je vyroben\u00fd z certifikovan\u00fdch komponentov najvy\u0161\u0161ej kvality a 100% talianskym v\u00fdrobcom bezpe\u010dnostnej a pracovnej obuvi s viac ako 40 rokmi sk\u00fasenost\u00ed v odbore.<\/p>\n","protected":false},"featured_media":332515,"template":"","meta":{"_acf_changed":false,"inline_featured_image":false},"product_brand":[],"product_cat":[2142,2143],"product_tag":[2207],"class_list":{"0":"post-332513","1":"product","2":"type-product","3":"status-publish","4":"has-post-thumbnail","6":"product_cat-obuv","7":"product_cat-sandale","8":"product_tag-panda-safety","9":"pa_farba-modra","10":"pa_velkost-3118","11":"pa_velkost-3119","12":"pa_velkost-3109","13":"pa_velkost-3120","14":"pa_velkost-3110","15":"pa_velkost-3121","16":"pa_velkost-3111","17":"pa_velkost-3125","18":"pa_velkost-3112","19":"pa_velkost-3113","20":"pa_velkost-3114","21":"pa_velkost-3115","22":"pa_velkost-3116","23":"pa_velkost-3117","25":"first","26":"instock","27":"taxable","28":"shipping-taxable","29":"purchasable","30":"product-type-variable"},"acf":[],"_links":{"self":[{"href":"https:\/\/gajos.sk\/eshop\/wp-json\/wp\/v2\/product\/332513","targetHints":{"allow":["GET"]}}],"collection":[{"href":"https:\/\/gajos.sk\/eshop\/wp-json\/wp\/v2\/product"}],"about":[{"href":"https:\/\/gajos.sk\/eshop\/wp-json\/wp\/v2\/types\/product"}],"wp:featuredmedia":[{"embeddable":true,"href":"https:\/\/gajos.sk\/eshop\/wp-json\/wp\/v2\/media\/332515"}],"wp:attachment":[{"href":"https:\/\/gajos.sk\/eshop\/wp-json\/wp\/v2\/media?parent=332513"}],"wp:term":[{"taxonomy":"product_brand","embeddable":true,"href":"https:\/\/gajos.sk\/eshop\/wp-json\/wp\/v2\/product_brand?post=332513"},{"taxonomy":"product_cat","embeddable":true,"href":"https:\/\/gajos.sk\/eshop\/wp-json\/wp\/v2\/product_cat?post=332513"},{"taxonomy":"product_tag","embeddable":true,"href":"https:\/\/gajos.sk\/eshop\/wp-json\/wp\/v2\/product_tag?post=332513"}],"curies":[{"name":"wp","href":"https:\/\/api.w.org\/{rel}","templated":true}]}}