{"id":332498,"date":"2024-03-01T19:05:18","date_gmt":"2024-03-01T18:05:18","guid":{"rendered":"https:\/\/gajostest.a2hosted.com\/eshop\/selma-mf-esd-s1p-src-sandale\/"},"modified":"2026-04-15T21:20:41","modified_gmt":"2026-04-15T19:20:41","slug":"selma-mf-esd-s1p-src-sandale","status":"publish","type":"product","link":"https:\/\/gajos.sk\/eshop\/p\/selma-mf-esd-s1p-src-sandale\/","title":{"rendered":"SELMA MF ESD S1P SRC sand\u00e1le"},"content":{"rendered":"","protected":false},"excerpt":{"rendered":"<p>Bezpe\u010dnostn\u00fd sand\u00e1l bez kovov\u00fdch s\u00fa\u010dast\u00ed kateg\u00f3rie ESD. M\u00e1 vysoko priedu\u0161n\u00fa a oteruvzdorn\u00fa vn\u00fatorn\u00fa pod\u0161\u00edvku, ktor\u00e1 je opatren\u00e1 antimikrobi\u00e1lnou a antibakteri\u00e1lnou \u00fapravou. Opasok na such\u00fd zips u\u013eah\u010duje ob\u00favanie a zais\u0165uje dobr\u00fa fix\u00e1ciu na nohe. Top\u00e1nka je vybaven\u00e1 bezpe\u010dnostnou \u0161pi\u010dkou z kompozitn\u00e9ho materi\u00e1lu, ktor\u00e1 bola pod\u013ea po\u017eiadaviek eur\u00f3pskych noriem testovan\u00e1, aby odolala kompresnej sile a\u017e 200 joulov. Dvojhustotn\u00e1 podo\u0161va je navy\u0161e vybaven\u00e1 nekovovou stielkou proti prepichnutiu. V\u010faka unik\u00e1tnemu dizajnu beh\u00fa\u0148a podo\u0161vy m\u00e1 top\u00e1nka vynikaj\u00face proti\u0161mykov\u00e9 vlastnosti. Model je v\u00fdroben\u00fd z certifikovan\u00fdch komponentov najvy\u0161\u0161ej kvality a 100% talianskym v\u00fdrobcom bezpe\u010dnostnej a pracovnej obuvi s viac ako 40 rokmi sk\u00fasenost\u00ed v obore.<\/p>\n","protected":false},"featured_media":332500,"template":"","meta":{"_acf_changed":false,"inline_featured_image":false},"product_brand":[],"product_cat":[2142,2143],"product_tag":[2207],"class_list":{"0":"post-332498","1":"product","2":"type-product","3":"status-publish","4":"has-post-thumbnail","6":"product_cat-obuv","7":"product_cat-sandale","8":"product_tag-panda-safety","9":"pa_farba-siva","10":"pa_velkost-3109","11":"pa_velkost-3120","12":"pa_velkost-3110","13":"pa_velkost-3121","14":"pa_velkost-3111","15":"pa_velkost-3112","16":"pa_velkost-3113","17":"pa_velkost-3114","18":"pa_velkost-3115","19":"pa_velkost-3116","20":"pa_velkost-3117","21":"pa_velkost-3118","22":"pa_velkost-3119","24":"first","25":"instock","26":"taxable","27":"shipping-taxable","28":"purchasable","29":"product-type-variable"},"acf":[],"_links":{"self":[{"href":"https:\/\/gajos.sk\/eshop\/wp-json\/wp\/v2\/product\/332498","targetHints":{"allow":["GET"]}}],"collection":[{"href":"https:\/\/gajos.sk\/eshop\/wp-json\/wp\/v2\/product"}],"about":[{"href":"https:\/\/gajos.sk\/eshop\/wp-json\/wp\/v2\/types\/product"}],"wp:featuredmedia":[{"embeddable":true,"href":"https:\/\/gajos.sk\/eshop\/wp-json\/wp\/v2\/media\/332500"}],"wp:attachment":[{"href":"https:\/\/gajos.sk\/eshop\/wp-json\/wp\/v2\/media?parent=332498"}],"wp:term":[{"taxonomy":"product_brand","embeddable":true,"href":"https:\/\/gajos.sk\/eshop\/wp-json\/wp\/v2\/product_brand?post=332498"},{"taxonomy":"product_cat","embeddable":true,"href":"https:\/\/gajos.sk\/eshop\/wp-json\/wp\/v2\/product_cat?post=332498"},{"taxonomy":"product_tag","embeddable":true,"href":"https:\/\/gajos.sk\/eshop\/wp-json\/wp\/v2\/product_tag?post=332498"}],"curies":[{"name":"wp","href":"https:\/\/api.w.org\/{rel}","templated":true}]}}