{"id":332483,"date":"2024-03-01T19:05:15","date_gmt":"2024-03-01T18:05:15","guid":{"rendered":"https:\/\/gajostest.a2hosted.com\/eshop\/ringo-mf-s1-src-sandale\/"},"modified":"2026-04-15T21:20:41","modified_gmt":"2026-04-15T19:20:41","slug":"ringo-mf-s1-src-sandale","status":"publish","type":"product","link":"https:\/\/gajos.sk\/eshop\/p\/ringo-mf-s1-src-sandale\/","title":{"rendered":"RINGO MF S1 SRC sand\u00e1le"},"content":{"rendered":"","protected":false},"excerpt":{"rendered":"<p>Bezpe\u010dnostn\u00e9 sand\u00e1le bez kovov\u00fdch s\u00fa\u010dasti. M\u00e1 m\u00e4kk\u00fd semi\u0161ov\u00fd zvr\u0161ok so zap\u00ednan\u00edm na such\u00fd zips, ktor\u00fd zjednodu\u0161uje ob\u00favanie a nosenie. Na vn\u00fatorn\u00fa pod\u0161\u00edvku bola pou\u017eit\u00e1 \u0161peci\u00e1lna tkanina Airnet mesh s technol\u00f3giou mikrokan\u00e1likov, ktor\u00e1 zais\u0165uje vysok\u00fa transportn\u00fa funk\u010dnos\u0165. \u0160peci\u00e1lna a vysoko \u00fa\u010dinn\u00e1 vn\u00fatorn\u00e1 stielka absorbuje vlhkos\u0165 a m\u00e1 antimikrobi\u00e1lne, antibakteri\u00e1lne, antistatick\u00e9 a protiz\u00e1pachov\u00e9 vlastnosti. \u013dahkos\u0165, ktor\u00fa garantuje minimalistick\u00fd design zvr\u0161ku a bezpe\u010dnos\u0165, ktor\u00e1 je zaru\u010den\u00e1 kompozitnou \u0161pi\u010dkou zabra\u0148uj\u00facou riziku rozdrteniu a\/alebo stla\u010deniu s\u00fa hlavn\u00fdmi prednos\u0165ami. Model je vyroben\u00fd z certifikovan\u00fdch komponentov najvy\u0161\u0161ej kvality a 100% talianskym v\u00fdrobcom bezpe\u010dnostnej a pracovnej obuvi s viac ako 40 ro\u010dnou sk\u00fasenos\u0165ou v odbore.<\/p>\n","protected":false},"featured_media":332485,"template":"","meta":{"_acf_changed":false,"inline_featured_image":false},"product_brand":[],"product_cat":[2142,2143],"product_tag":[2207],"class_list":{"0":"post-332483","1":"product","2":"type-product","3":"status-publish","4":"has-post-thumbnail","6":"product_cat-obuv","7":"product_cat-sandale","8":"product_tag-panda-safety","9":"pa_farba-modra","10":"pa_velkost-3119","11":"pa_velkost-3109","12":"pa_velkost-3120","13":"pa_velkost-3110","14":"pa_velkost-3121","15":"pa_velkost-3111","16":"pa_velkost-3112","17":"pa_velkost-3113","18":"pa_velkost-3114","19":"pa_velkost-3115","20":"pa_velkost-3116","21":"pa_velkost-3117","22":"pa_velkost-3118","24":"first","25":"instock","26":"taxable","27":"shipping-taxable","28":"purchasable","29":"product-type-variable"},"acf":[],"_links":{"self":[{"href":"https:\/\/gajos.sk\/eshop\/wp-json\/wp\/v2\/product\/332483","targetHints":{"allow":["GET"]}}],"collection":[{"href":"https:\/\/gajos.sk\/eshop\/wp-json\/wp\/v2\/product"}],"about":[{"href":"https:\/\/gajos.sk\/eshop\/wp-json\/wp\/v2\/types\/product"}],"wp:featuredmedia":[{"embeddable":true,"href":"https:\/\/gajos.sk\/eshop\/wp-json\/wp\/v2\/media\/332485"}],"wp:attachment":[{"href":"https:\/\/gajos.sk\/eshop\/wp-json\/wp\/v2\/media?parent=332483"}],"wp:term":[{"taxonomy":"product_brand","embeddable":true,"href":"https:\/\/gajos.sk\/eshop\/wp-json\/wp\/v2\/product_brand?post=332483"},{"taxonomy":"product_cat","embeddable":true,"href":"https:\/\/gajos.sk\/eshop\/wp-json\/wp\/v2\/product_cat?post=332483"},{"taxonomy":"product_tag","embeddable":true,"href":"https:\/\/gajos.sk\/eshop\/wp-json\/wp\/v2\/product_tag?post=332483"}],"curies":[{"name":"wp","href":"https:\/\/api.w.org\/{rel}","templated":true}]}}