{"id":332469,"date":"2024-03-01T19:05:10","date_gmt":"2024-03-01T18:05:10","guid":{"rendered":"https:\/\/gajostest.a2hosted.com\/eshop\/prestige-suede-ob-sra-sandale\/"},"modified":"2026-04-30T21:22:49","modified_gmt":"2026-04-30T19:22:49","slug":"prestige-suede-ob-sra-sandale","status":"publish","type":"product","link":"https:\/\/gajos.sk\/eshop\/p\/prestige-suede-ob-sra-sandale\/","title":{"rendered":"PRESTIGE SUEDE OB SRA sand\u00e1le"},"content":{"rendered":"","protected":false},"excerpt":{"rendered":"<p>zvr\u0161ok: pr\u00edrodn\u00fd us\u0148ov\u00fd materi\u00e1l, vel\u00farov\u00e1 \u0161tiepenka, tzv. vlasov\u00e1 use\u0148; \u010dlenok: molitanov\u00e9 vank\u00fa\u0161iky pre v\u00e4\u010d\u0161ie pohodlie nohy; pod\u0161\u00edvka: kvalitn\u00fd textiln\u00fd \u00faplet; podo\u0161va a medzipodr\u00e1\u017eka: dvojkomponentn\u00fd polyuret\u00e1nov\u00fd n\u00e1strek, tlmiaci n\u00e1\u0161\u013eapn\u00e9 sily a \u0161etriaci pohybov\u00fd apar\u00e1t; podo\u0161va odoln\u00e1 proti palivov\u00fdm olejom<\/p>\n","protected":false},"featured_media":332471,"template":"","meta":{"_acf_changed":false,"inline_featured_image":false},"product_brand":[],"product_cat":[2142,2143],"product_tag":[1429],"class_list":{"0":"post-332469","1":"product","2":"type-product","3":"status-publish","4":"has-post-thumbnail","6":"product_cat-obuv","7":"product_cat-sandale","8":"product_tag-moleda","9":"pa_farba-modra","10":"pa_velkost-3109","11":"pa_velkost-3121","12":"pa_velkost-3110","13":"pa_velkost-3111","14":"pa_velkost-3112","15":"pa_velkost-3113","16":"pa_velkost-3114","17":"pa_velkost-3115","18":"pa_velkost-3116","19":"pa_velkost-3117","20":"pa_velkost-3118","21":"pa_velkost-3119","23":"first","24":"instock","25":"taxable","26":"shipping-taxable","27":"purchasable","28":"product-type-variable"},"acf":[],"_links":{"self":[{"href":"https:\/\/gajos.sk\/eshop\/wp-json\/wp\/v2\/product\/332469","targetHints":{"allow":["GET"]}}],"collection":[{"href":"https:\/\/gajos.sk\/eshop\/wp-json\/wp\/v2\/product"}],"about":[{"href":"https:\/\/gajos.sk\/eshop\/wp-json\/wp\/v2\/types\/product"}],"wp:featuredmedia":[{"embeddable":true,"href":"https:\/\/gajos.sk\/eshop\/wp-json\/wp\/v2\/media\/332471"}],"wp:attachment":[{"href":"https:\/\/gajos.sk\/eshop\/wp-json\/wp\/v2\/media?parent=332469"}],"wp:term":[{"taxonomy":"product_brand","embeddable":true,"href":"https:\/\/gajos.sk\/eshop\/wp-json\/wp\/v2\/product_brand?post=332469"},{"taxonomy":"product_cat","embeddable":true,"href":"https:\/\/gajos.sk\/eshop\/wp-json\/wp\/v2\/product_cat?post=332469"},{"taxonomy":"product_tag","embeddable":true,"href":"https:\/\/gajos.sk\/eshop\/wp-json\/wp\/v2\/product_tag?post=332469"}],"curies":[{"name":"wp","href":"https:\/\/api.w.org\/{rel}","templated":true}]}}