{"id":332459,"date":"2024-03-01T19:05:07","date_gmt":"2024-03-01T18:05:07","guid":{"rendered":"https:\/\/gajostest.a2hosted.com\/eshop\/montrose-royal-esd-s1p-src-sandale\/"},"modified":"2026-05-07T21:14:31","modified_gmt":"2026-05-07T19:14:31","slug":"montrose-royal-esd-s1p-src-sandale","status":"publish","type":"product","link":"https:\/\/gajos.sk\/eshop\/p\/montrose-royal-esd-s1p-src-sandale\/","title":{"rendered":"MONTROSE ROYAL ESD S1P SRC sand\u00e1le"},"content":{"rendered":"","protected":false},"excerpt":{"rendered":"<p>Bezpe\u010dnostn\u00e9 sand\u00e1le s kovovou tu\u017einkou a stielkou odolnou proti prepichnutiu. Podo\u0161va z dvojhustotn\u00e9ho PU. Zvr\u0161ok z br\u00fasenej ko\u017ee. Perfektne sa hod\u00ed k monterkovej kolekcii Montrose.<\/p>\n","protected":false},"featured_media":332461,"template":"","meta":{"_acf_changed":false,"inline_featured_image":false},"product_brand":[],"product_cat":[2142,2143],"product_tag":[1179],"class_list":{"0":"post-332459","1":"product","2":"type-product","3":"status-publish","4":"has-post-thumbnail","6":"product_cat-obuv","7":"product_cat-sandale","8":"product_tag-cerva","9":"pa_velkost-3111","10":"pa_velkost-3112","11":"pa_velkost-3114","12":"pa_velkost-3115","13":"pa_velkost-3117","14":"pa_velkost-3118","15":"pa_velkost-3119","16":"pa_velkost-3120","17":"pa_velkost-3121","18":"pa_velkost-3109","19":"pa_velkost-3110","21":"first","22":"instock","23":"taxable","24":"shipping-taxable","25":"purchasable","26":"product-type-variable"},"acf":[],"_links":{"self":[{"href":"https:\/\/gajos.sk\/eshop\/wp-json\/wp\/v2\/product\/332459","targetHints":{"allow":["GET"]}}],"collection":[{"href":"https:\/\/gajos.sk\/eshop\/wp-json\/wp\/v2\/product"}],"about":[{"href":"https:\/\/gajos.sk\/eshop\/wp-json\/wp\/v2\/types\/product"}],"wp:featuredmedia":[{"embeddable":true,"href":"https:\/\/gajos.sk\/eshop\/wp-json\/wp\/v2\/media\/332461"}],"wp:attachment":[{"href":"https:\/\/gajos.sk\/eshop\/wp-json\/wp\/v2\/media?parent=332459"}],"wp:term":[{"taxonomy":"product_brand","embeddable":true,"href":"https:\/\/gajos.sk\/eshop\/wp-json\/wp\/v2\/product_brand?post=332459"},{"taxonomy":"product_cat","embeddable":true,"href":"https:\/\/gajos.sk\/eshop\/wp-json\/wp\/v2\/product_cat?post=332459"},{"taxonomy":"product_tag","embeddable":true,"href":"https:\/\/gajos.sk\/eshop\/wp-json\/wp\/v2\/product_tag?post=332459"}],"curies":[{"name":"wp","href":"https:\/\/api.w.org\/{rel}","templated":true}]}}