{"id":332409,"date":"2024-03-01T19:03:51","date_gmt":"2024-03-01T18:03:51","guid":{"rendered":"https:\/\/gajostest.a2hosted.com\/eshop\/niers-s1p-src-sandal\/"},"modified":"2026-04-15T21:20:41","modified_gmt":"2026-04-15T19:20:41","slug":"niers-s1p-src-sandal","status":"publish","type":"product","link":"https:\/\/gajos.sk\/eshop\/p\/niers-s1p-src-sandal\/","title":{"rendered":"NIERS S1P SRC sandal"},"content":{"rendered":"","protected":false},"excerpt":{"rendered":"<p>Klasick\u00e9 bezpe\u010dnostn\u00e9 sand\u00e1le s oce\u013eovou tu\u017einkou v \u0161pi\u010dke, ktor\u00e1 chr\u00e1ni pred stla\u010den\u00edm silou do 15 kN alebo p\u00e1dom bremena o v\u00e1he do 20 kg z v\u00fd\u0161ky 1 m. Antistatick\u00e1 robustn\u00e1 podo\u0161va vyroben\u00e1 z dvojhustotn\u00e9ho polyuret\u00e1nu garantuje nie len komfort, ale aj bezpe\u010die v\u010faka oce\u013eovej stielke proti prepichnutiu a proti vlastnostiam podr\u00e1\u017eky, ktor\u00e1 je navy\u0161e rezistentn\u00e1 vo\u010di olejom a oderu. Zvr\u0161ok obuvi je vyroben\u00fd z pr\u00edrodnej \u0161tiepenkovej ko\u017ee a vn\u00fatorn\u00e1 pod\u0161\u00edvka z priedu\u0161n\u00e9ho polyesteru. Zap\u00ednanie pomocou such\u00e9ho zipsu zaru\u010duje r\u00fdchle a pohodln\u00e9 ob\u00favanie. Reflexn\u00e9 prvky garantuj\u00fa zv\u00fd\u0161en\u00fa vidite\u013enos\u0165 u\u017e\u00edvate\u013ea. Tento model v\u010faka skvel\u00e9mu pomeru cena\/kvalita spracovaniu dok\u00e1\u017ee uspokoji\u0165 po\u017eiadavky v\u0161etk\u00fdch z\u00e1kazn\u00edkov.<\/p>\n","protected":false},"featured_media":332411,"template":"","meta":{"_acf_changed":false,"inline_featured_image":false},"product_brand":[],"product_cat":[2142,2143],"product_tag":[1274],"class_list":{"0":"post-332409","1":"product","2":"type-product","3":"status-publish","4":"has-post-thumbnail","6":"product_cat-obuv","7":"product_cat-sandale","8":"product_tag-safeworker","9":"pa_farba-cierna","10":"pa_velkost-3115","11":"pa_velkost-3116","12":"pa_velkost-3118","13":"pa_velkost-3120","14":"pa_velkost-3121","15":"pa_velkost-3110","16":"pa_velkost-3112","17":"pa_velkost-3113","18":"pa_velkost-3114","20":"first","21":"instock","22":"taxable","23":"shipping-taxable","24":"purchasable","25":"product-type-variable"},"acf":[],"_links":{"self":[{"href":"https:\/\/gajos.sk\/eshop\/wp-json\/wp\/v2\/product\/332409","targetHints":{"allow":["GET"]}}],"collection":[{"href":"https:\/\/gajos.sk\/eshop\/wp-json\/wp\/v2\/product"}],"about":[{"href":"https:\/\/gajos.sk\/eshop\/wp-json\/wp\/v2\/types\/product"}],"wp:featuredmedia":[{"embeddable":true,"href":"https:\/\/gajos.sk\/eshop\/wp-json\/wp\/v2\/media\/332411"}],"wp:attachment":[{"href":"https:\/\/gajos.sk\/eshop\/wp-json\/wp\/v2\/media?parent=332409"}],"wp:term":[{"taxonomy":"product_brand","embeddable":true,"href":"https:\/\/gajos.sk\/eshop\/wp-json\/wp\/v2\/product_brand?post=332409"},{"taxonomy":"product_cat","embeddable":true,"href":"https:\/\/gajos.sk\/eshop\/wp-json\/wp\/v2\/product_cat?post=332409"},{"taxonomy":"product_tag","embeddable":true,"href":"https:\/\/gajos.sk\/eshop\/wp-json\/wp\/v2\/product_tag?post=332409"}],"curies":[{"name":"wp","href":"https:\/\/api.w.org\/{rel}","templated":true}]}}