{"id":332400,"date":"2024-03-01T19:03:49","date_gmt":"2024-03-01T18:03:49","guid":{"rendered":"https:\/\/gajostest.a2hosted.com\/eshop\/runner-esd-s1p-src-sandale\/"},"modified":"2026-04-25T21:18:55","modified_gmt":"2026-04-25T19:18:55","slug":"runner-esd-s1p-src-sandale","status":"publish","type":"product","link":"https:\/\/gajos.sk\/eshop\/p\/runner-esd-s1p-src-sandale\/","title":{"rendered":"RUNNER ESD S1P SRC sand\u00e1le"},"content":{"rendered":"","protected":false},"excerpt":{"rendered":"<p>Bezpe\u010dnostn\u00fd ESD sand\u00e1l s\u00a0hlin\u00edkovou tu\u017einkou. Kevlarovovou stielkou odolnou proti prepichnutiu. Gumenn\u00e1 podr\u00e1\u017eka s\u00a0Air Tubeless System pre zv\u00fd\u0161enie komfortu pri ch\u00f4dzi. Zvr\u0161ok z\u00a0mikrovl\u00e1kna. Dve p\u00e1sky na such\u00fd zips zais\u0165uj\u00fa perfektn\u00e9 upevnenie.<\/p>\n","protected":false},"featured_media":332402,"template":"","meta":{"_acf_changed":false,"inline_featured_image":false},"product_brand":[],"product_cat":[2142,2143],"product_tag":[1198],"class_list":{"0":"post-332400","1":"product","2":"type-product","3":"status-publish","4":"has-post-thumbnail","6":"product_cat-obuv","7":"product_cat-sandale","8":"product_tag-to-work-for","9":"pa_farba-siva","10":"pa_velkost-3116","11":"pa_velkost-3109","12":"pa_velkost-3111","13":"pa_velkost-3112","14":"pa_velkost-3113","15":"pa_velkost-3114","16":"pa_velkost-3115","18":"first","19":"instock","20":"taxable","21":"shipping-taxable","22":"purchasable","23":"product-type-variable"},"acf":[],"_links":{"self":[{"href":"https:\/\/gajos.sk\/eshop\/wp-json\/wp\/v2\/product\/332400","targetHints":{"allow":["GET"]}}],"collection":[{"href":"https:\/\/gajos.sk\/eshop\/wp-json\/wp\/v2\/product"}],"about":[{"href":"https:\/\/gajos.sk\/eshop\/wp-json\/wp\/v2\/types\/product"}],"wp:featuredmedia":[{"embeddable":true,"href":"https:\/\/gajos.sk\/eshop\/wp-json\/wp\/v2\/media\/332402"}],"wp:attachment":[{"href":"https:\/\/gajos.sk\/eshop\/wp-json\/wp\/v2\/media?parent=332400"}],"wp:term":[{"taxonomy":"product_brand","embeddable":true,"href":"https:\/\/gajos.sk\/eshop\/wp-json\/wp\/v2\/product_brand?post=332400"},{"taxonomy":"product_cat","embeddable":true,"href":"https:\/\/gajos.sk\/eshop\/wp-json\/wp\/v2\/product_cat?post=332400"},{"taxonomy":"product_tag","embeddable":true,"href":"https:\/\/gajos.sk\/eshop\/wp-json\/wp\/v2\/product_tag?post=332400"}],"curies":[{"name":"wp","href":"https:\/\/api.w.org\/{rel}","templated":true}]}}