{"id":332375,"date":"2024-03-01T19:03:36","date_gmt":"2024-03-01T18:03:36","guid":{"rendered":"https:\/\/gajostest.a2hosted.com\/eshop\/birusa-mf-s1p-src-sandale\/"},"modified":"2026-04-15T21:20:41","modified_gmt":"2026-04-15T19:20:41","slug":"birusa-mf-s1p-src-sandale","status":"publish","type":"product","link":"https:\/\/gajos.sk\/eshop\/p\/birusa-mf-s1p-src-sandale\/","title":{"rendered":"BIRUSA MF S1P SRC sand\u00e1le"},"content":{"rendered":"","protected":false},"excerpt":{"rendered":"<p>Bezpe\u010dnostn\u00e9 sand\u00e1le s nekovovou tu\u017einkou a aramidovou stielkou odolnou proti prepichnutiu. Podo\u0161va vyroben\u00e1 z PU\/TPU. Zvr\u0161ok z kvalitnej l\u00edcovej ko\u017ee.<\/p>\n","protected":false},"featured_media":332377,"template":"","meta":{"_acf_changed":false,"inline_featured_image":false},"product_brand":[],"product_cat":[2142,2143],"product_tag":[2207],"class_list":{"0":"post-332375","1":"product","2":"type-product","3":"status-publish","4":"has-post-thumbnail","6":"product_cat-obuv","7":"product_cat-sandale","8":"product_tag-panda-safety","9":"pa_farba-cierna","10":"pa_velkost-3118","11":"pa_velkost-3121","12":"pa_velkost-3109","13":"pa_velkost-3110","14":"pa_velkost-3112","15":"pa_velkost-3113","16":"pa_velkost-3114","17":"pa_velkost-3115","18":"pa_velkost-3116","19":"pa_velkost-3117","21":"first","22":"instock","23":"taxable","24":"shipping-taxable","25":"purchasable","26":"product-type-variable"},"acf":[],"_links":{"self":[{"href":"https:\/\/gajos.sk\/eshop\/wp-json\/wp\/v2\/product\/332375","targetHints":{"allow":["GET"]}}],"collection":[{"href":"https:\/\/gajos.sk\/eshop\/wp-json\/wp\/v2\/product"}],"about":[{"href":"https:\/\/gajos.sk\/eshop\/wp-json\/wp\/v2\/types\/product"}],"wp:featuredmedia":[{"embeddable":true,"href":"https:\/\/gajos.sk\/eshop\/wp-json\/wp\/v2\/media\/332377"}],"wp:attachment":[{"href":"https:\/\/gajos.sk\/eshop\/wp-json\/wp\/v2\/media?parent=332375"}],"wp:term":[{"taxonomy":"product_brand","embeddable":true,"href":"https:\/\/gajos.sk\/eshop\/wp-json\/wp\/v2\/product_brand?post=332375"},{"taxonomy":"product_cat","embeddable":true,"href":"https:\/\/gajos.sk\/eshop\/wp-json\/wp\/v2\/product_cat?post=332375"},{"taxonomy":"product_tag","embeddable":true,"href":"https:\/\/gajos.sk\/eshop\/wp-json\/wp\/v2\/product_tag?post=332375"}],"curies":[{"name":"wp","href":"https:\/\/api.w.org\/{rel}","templated":true}]}}