{"id":332074,"date":"2024-03-01T19:01:10","date_gmt":"2024-03-01T18:01:10","guid":{"rendered":"https:\/\/gajostest.a2hosted.com\/eshop\/os-mamba-sandal-sb\/"},"modified":"2026-04-25T21:18:54","modified_gmt":"2026-04-25T19:18:54","slug":"os-mamba-sandal-sb","status":"publish","type":"product","link":"https:\/\/gajos.sk\/eshop\/p\/os-mamba-sandal-sb\/","title":{"rendered":"OS MAMBA sandal SB"},"content":{"rendered":"","protected":false},"excerpt":{"rendered":"<p>Kvalitn\u00e9 a komfortn\u00e9 pracovn\u00e9 sand\u00e1le, bez kovov\u00fdch s\u00fa\u010dast\u00ed. Obuv m\u00e1 extra \u0161irok\u00fa kompozitn\u00fa bezpe\u010dnostn\u00fa \u0161picu, nov\u00fa \u013eahk\u00fa tzv. \u201erolovaciu podo\u0161vu\u201c SNAKE s vysokou absorpciou energie v p\u00e4te \u2013 30 J. T\u00e1to unik\u00e1tna podo\u0161va podporuje prirodzen\u00fd pohyb chodidla a dokonale prisp\u00f4sobuje povrchu ter\u00e9nu. V\u010faka tomu je pri nosen\u00ed tejto obuvi zaru\u010den\u00fd maxim\u00e1lny komfort. Anatomicky tvarovan\u00e1 stielka \u201eSOFT HEEL\u201c. Obuv je vhodn\u00e1 na nosenie v interi\u00e9roch i exteri\u00e9roch.<\/p>\n","protected":false},"featured_media":332076,"template":"","meta":{"_acf_changed":false,"inline_featured_image":false},"product_brand":[],"product_cat":[2142,2143],"product_tag":[1240],"class_list":{"0":"post-332074","1":"product","2":"type-product","3":"status-publish","4":"has-post-thumbnail","6":"product_cat-obuv","7":"product_cat-sandale","8":"product_tag-os","9":"pa_velkost-3118","11":"first","12":"instock","13":"taxable","14":"shipping-taxable","15":"product-type-variable"},"acf":[],"_links":{"self":[{"href":"https:\/\/gajos.sk\/eshop\/wp-json\/wp\/v2\/product\/332074","targetHints":{"allow":["GET"]}}],"collection":[{"href":"https:\/\/gajos.sk\/eshop\/wp-json\/wp\/v2\/product"}],"about":[{"href":"https:\/\/gajos.sk\/eshop\/wp-json\/wp\/v2\/types\/product"}],"wp:featuredmedia":[{"embeddable":true,"href":"https:\/\/gajos.sk\/eshop\/wp-json\/wp\/v2\/media\/332076"}],"wp:attachment":[{"href":"https:\/\/gajos.sk\/eshop\/wp-json\/wp\/v2\/media?parent=332074"}],"wp:term":[{"taxonomy":"product_brand","embeddable":true,"href":"https:\/\/gajos.sk\/eshop\/wp-json\/wp\/v2\/product_brand?post=332074"},{"taxonomy":"product_cat","embeddable":true,"href":"https:\/\/gajos.sk\/eshop\/wp-json\/wp\/v2\/product_cat?post=332074"},{"taxonomy":"product_tag","embeddable":true,"href":"https:\/\/gajos.sk\/eshop\/wp-json\/wp\/v2\/product_tag?post=332074"}],"curies":[{"name":"wp","href":"https:\/\/api.w.org\/{rel}","templated":true}]}}