{"id":331907,"date":"2024-03-01T18:58:00","date_gmt":"2024-03-01T17:58:00","guid":{"rendered":"https:\/\/gajostest.a2hosted.com\/eshop\/uttendorf-mf-esd-s3s-sr-clenok\/"},"modified":"2026-05-07T21:14:30","modified_gmt":"2026-05-07T19:14:30","slug":"uttendorf-mf-esd-s3s-sr-clenok","status":"publish","type":"product","link":"https:\/\/gajos.sk\/eshop\/p\/uttendorf-mf-esd-s3s-sr-clenok\/","title":{"rendered":"UTTENDORF MF ESD S3S SR \u010dlenok"},"content":{"rendered":"","protected":false},"excerpt":{"rendered":"<p>Bezpe\u010dnostn\u00e1 \u010dlenkov\u00e1 obuv s tu\u017einkou zo sklenen\u00fdch vl\u00e1kien a kompozitnou stielkou proti prepichu triedy &#8222;S&#8220;. Dvojhustotn\u00e1 podo\u0161va z polyuret\u00e1nu zais\u0165uje vysok\u00fa mieru komfortu a z\u00e1rove\u0148 odolnosti. Zvr\u0161ok je vyroben\u00fd z inovat\u00edvneho materi\u00e1lu PUTEK, trendu posledn\u00fdch rokov, ktor\u00fd sa vyzna\u010duje e\u0161te lep\u0161ou priedu\u0161nos\u0165ou ako ko\u017ea, odolnos\u0165ou proti oteru a opotrebovaniu a z\u00e1rove\u0148 vodeodolnos\u0165ou. V\u010faka materi\u00e1lu zvr\u0161ku a kompozitn\u00fdm bezpe\u010dnostn\u00fdm prvkom je UTTENDORF S3S skvelou vo\u013ebou pre v\u0161etk\u00fdch, ktor\u00ed h\u013eadaj\u00fa pohodln\u00fa, priedu\u0161n\u00fa a odoln\u00fa ochranu n\u00f4h. Obuv UTTENDORF S3S je vhodn\u00e1 predov\u0161etk\u00fdm pre n\u00e1ro\u010dn\u00e9 vonkaj\u0161ie pr\u00e1ce, z\u00e1rove\u0148 ju v\u0161ak mo\u017eno pou\u017ei\u0165 aj pre \u201eindoorov\u00e9\u201c pr\u00e1ce so zv\u00fd\u0161en\u00fdmi n\u00e1rokmi na bezpe\u010dnos\u0165 a v\u010faka ESD vlastnostiam aj do podnikov, vyr\u00e1baj\u00facich elektronick\u00e9 s\u00fa\u010diastky.<\/p>\n","protected":false},"featured_media":331909,"template":"","meta":{"_acf_changed":false,"inline_featured_image":false},"product_brand":[],"product_cat":[2157,2142],"product_tag":[1179],"class_list":{"0":"post-331907","1":"product","2":"type-product","3":"status-publish","4":"has-post-thumbnail","6":"product_cat-clenkova-obuv","7":"product_cat-obuv","8":"product_tag-cerva","9":"pa_farba-antracit","10":"pa_velkost-3112","11":"pa_velkost-3113","12":"pa_velkost-3114","13":"pa_velkost-3115","14":"pa_velkost-3116","15":"pa_velkost-3117","16":"pa_velkost-3118","17":"pa_velkost-3119","18":"pa_velkost-3109","19":"pa_velkost-3120","20":"pa_velkost-3110","21":"pa_velkost-3111","23":"first","24":"instock","25":"taxable","26":"shipping-taxable","27":"purchasable","28":"product-type-variable"},"acf":[],"_links":{"self":[{"href":"https:\/\/gajos.sk\/eshop\/wp-json\/wp\/v2\/product\/331907","targetHints":{"allow":["GET"]}}],"collection":[{"href":"https:\/\/gajos.sk\/eshop\/wp-json\/wp\/v2\/product"}],"about":[{"href":"https:\/\/gajos.sk\/eshop\/wp-json\/wp\/v2\/types\/product"}],"wp:featuredmedia":[{"embeddable":true,"href":"https:\/\/gajos.sk\/eshop\/wp-json\/wp\/v2\/media\/331909"}],"wp:attachment":[{"href":"https:\/\/gajos.sk\/eshop\/wp-json\/wp\/v2\/media?parent=331907"}],"wp:term":[{"taxonomy":"product_brand","embeddable":true,"href":"https:\/\/gajos.sk\/eshop\/wp-json\/wp\/v2\/product_brand?post=331907"},{"taxonomy":"product_cat","embeddable":true,"href":"https:\/\/gajos.sk\/eshop\/wp-json\/wp\/v2\/product_cat?post=331907"},{"taxonomy":"product_tag","embeddable":true,"href":"https:\/\/gajos.sk\/eshop\/wp-json\/wp\/v2\/product_tag?post=331907"}],"curies":[{"name":"wp","href":"https:\/\/api.w.org\/{rel}","templated":true}]}}