{"id":331832,"date":"2024-03-01T18:57:31","date_gmt":"2024-03-01T17:57:31","guid":{"rendered":"https:\/\/gajostest.a2hosted.com\/eshop\/nuovo-mito-s1-src-clenok\/"},"modified":"2026-04-15T21:16:56","modified_gmt":"2026-04-15T19:16:56","slug":"nuovo-mito-s1-src-clenok","status":"publish","type":"product","link":"https:\/\/gajos.sk\/eshop\/p\/nuovo-mito-s1-src-clenok\/","title":{"rendered":"NUOVO MITO S1 SRC \u010dlenok"},"content":{"rendered":"","protected":false},"excerpt":{"rendered":"<p>Bezpe\u010dnostn\u00fd \u010dlenok s kompozitn\u00fdm uz\u00e1verom, ktor\u00fd chr\u00e1ni pred kompresnou silou do 15 kN alebo padaj\u00facim za\u0165a\u017een\u00edm s hmotnos\u0165ou do 20 kg z v\u00fd\u0161ky 1 m. Antistatick\u00e1 podr\u00e1\u017eka vyroben\u00e1 z polyuret\u00e1nu s dvoma hustotami zaru\u010duje nielen pohodlie, ale aj bezpe\u010dnos\u0165 v\u010faka proti\u0161mykov\u00fdm vlastnostiam podr\u00e1\u017eky, ktor\u00e1 je tie\u017e odoln\u00e1 vo\u010di olejom a oderu. Zvr\u0161ok je vyroben\u00fd z pr\u00edrodnej ko\u017ee Barton a vn\u00fatorn\u00e1 pod\u0161\u00edvka je vyroben\u00e1 z priedu\u0161n\u00e9ho materi\u00e1lu Airnet Mesh. Tento model patr\u00ed do kolekcie Strong NUOVO.<\/p>\n","protected":false},"featured_media":331834,"template":"","meta":{"_acf_changed":false,"inline_featured_image":false},"product_brand":[],"product_cat":[2157,2142],"product_tag":[2207],"class_list":{"0":"post-331832","1":"product","2":"type-product","3":"status-publish","4":"has-post-thumbnail","6":"product_cat-clenkova-obuv","7":"product_cat-obuv","8":"product_tag-panda-safety","9":"pa_farba-cierna","10":"pa_velkost-3109","11":"pa_velkost-3120","12":"pa_velkost-3110","13":"pa_velkost-3121","14":"pa_velkost-3111","15":"pa_velkost-3125","16":"pa_velkost-3112","17":"pa_velkost-3113","18":"pa_velkost-3114","19":"pa_velkost-3115","20":"pa_velkost-3116","21":"pa_velkost-3117","22":"pa_velkost-3118","23":"pa_velkost-3119","25":"first","26":"instock","27":"taxable","28":"shipping-taxable","29":"purchasable","30":"product-type-variable"},"acf":[],"_links":{"self":[{"href":"https:\/\/gajos.sk\/eshop\/wp-json\/wp\/v2\/product\/331832","targetHints":{"allow":["GET"]}}],"collection":[{"href":"https:\/\/gajos.sk\/eshop\/wp-json\/wp\/v2\/product"}],"about":[{"href":"https:\/\/gajos.sk\/eshop\/wp-json\/wp\/v2\/types\/product"}],"wp:featuredmedia":[{"embeddable":true,"href":"https:\/\/gajos.sk\/eshop\/wp-json\/wp\/v2\/media\/331834"}],"wp:attachment":[{"href":"https:\/\/gajos.sk\/eshop\/wp-json\/wp\/v2\/media?parent=331832"}],"wp:term":[{"taxonomy":"product_brand","embeddable":true,"href":"https:\/\/gajos.sk\/eshop\/wp-json\/wp\/v2\/product_brand?post=331832"},{"taxonomy":"product_cat","embeddable":true,"href":"https:\/\/gajos.sk\/eshop\/wp-json\/wp\/v2\/product_cat?post=331832"},{"taxonomy":"product_tag","embeddable":true,"href":"https:\/\/gajos.sk\/eshop\/wp-json\/wp\/v2\/product_tag?post=331832"}],"curies":[{"name":"wp","href":"https:\/\/api.w.org\/{rel}","templated":true}]}}