{"id":331819,"date":"2024-03-01T18:57:27","date_gmt":"2024-03-01T17:57:27","guid":{"rendered":"https:\/\/gajostest.a2hosted.com\/eshop\/nuovo-speciale-mf-s1p-src-clenok\/"},"modified":"2026-04-15T21:16:56","modified_gmt":"2026-04-15T19:16:56","slug":"nuovo-speciale-mf-s1p-src-clenok","status":"publish","type":"product","link":"https:\/\/gajos.sk\/eshop\/p\/nuovo-speciale-mf-s1p-src-clenok\/","title":{"rendered":"NUOVO SPECIALE MF S1P SRC \u010dlenok"},"content":{"rendered":"","protected":false},"excerpt":{"rendered":"<p>Bezpe\u010dnostn\u00fd \u010dlenok s kompozitn\u00fdm uz\u00e1verom, ktor\u00fd chr\u00e1ni pred kompresiou silou do 15 kN alebo padaj\u00facim za\u0165a\u017een\u00edm s hmotnos\u0165ou do 20 kg z v\u00fd\u0161ky 1 m. Antistatick\u00e1 podr\u00e1\u017eka vyroben\u00e1 z polyuret\u00e1nu s dvoma hustotami zaru\u010duje nielen pohodlie, ale aj bezpe\u010dnos\u0165 v\u010faka proti\u0161mykov\u00fdm vlastnostiam podr\u00e1\u017eky, ktor\u00e1 je tie\u017e odoln\u00e1 vo\u010di olejom a oderu. Nohy s\u00fa chr\u00e1nen\u00e9 aj odspodu v\u010faka kompozitnej stielke proti prepichnutiu. Zvr\u0161ok top\u00e1nky je v  vyroben\u00e9 z pr\u00edrodnej ko\u017ee Barton a vn\u00fatorn\u00e1 pod\u0161\u00edvka z priedu\u0161n\u00e9ho materi\u00e1lu Airnet Mesh. Top\u00e1nky neobsahuj\u00fa kovov\u00e9 \u010dasti. Tento model patr\u00ed do kolekcie Stong Nuovo a v\u010faka dodato\u010dnej ochrane priehlavku je vhodn\u00fd pre zv\u00e1ra\u010dov.<\/p>\n","protected":false},"featured_media":331821,"template":"","meta":{"_acf_changed":false,"inline_featured_image":false},"product_brand":[],"product_cat":[2157,2142],"product_tag":[2207],"class_list":{"0":"post-331819","1":"product","2":"type-product","3":"status-publish","4":"has-post-thumbnail","6":"product_cat-clenkova-obuv","7":"product_cat-obuv","8":"product_tag-panda-safety","9":"pa_farba-cierna","10":"pa_velkost-3109","11":"pa_velkost-3110","12":"pa_velkost-3111","13":"pa_velkost-3112","14":"pa_velkost-3113","15":"pa_velkost-3114","16":"pa_velkost-3115","17":"pa_velkost-3116","18":"pa_velkost-3117","19":"pa_velkost-3118","20":"pa_velkost-3121","22":"first","23":"instock","24":"taxable","25":"shipping-taxable","26":"purchasable","27":"product-type-variable"},"acf":[],"_links":{"self":[{"href":"https:\/\/gajos.sk\/eshop\/wp-json\/wp\/v2\/product\/331819","targetHints":{"allow":["GET"]}}],"collection":[{"href":"https:\/\/gajos.sk\/eshop\/wp-json\/wp\/v2\/product"}],"about":[{"href":"https:\/\/gajos.sk\/eshop\/wp-json\/wp\/v2\/types\/product"}],"wp:featuredmedia":[{"embeddable":true,"href":"https:\/\/gajos.sk\/eshop\/wp-json\/wp\/v2\/media\/331821"}],"wp:attachment":[{"href":"https:\/\/gajos.sk\/eshop\/wp-json\/wp\/v2\/media?parent=331819"}],"wp:term":[{"taxonomy":"product_brand","embeddable":true,"href":"https:\/\/gajos.sk\/eshop\/wp-json\/wp\/v2\/product_brand?post=331819"},{"taxonomy":"product_cat","embeddable":true,"href":"https:\/\/gajos.sk\/eshop\/wp-json\/wp\/v2\/product_cat?post=331819"},{"taxonomy":"product_tag","embeddable":true,"href":"https:\/\/gajos.sk\/eshop\/wp-json\/wp\/v2\/product_tag?post=331819"}],"curies":[{"name":"wp","href":"https:\/\/api.w.org\/{rel}","templated":true}]}}