{"id":331806,"date":"2024-03-01T18:57:23","date_gmt":"2024-03-01T17:57:23","guid":{"rendered":"https:\/\/gajostest.a2hosted.com\/eshop\/nuovo-eurotech-mf-s3-src-clenok\/"},"modified":"2026-04-15T21:16:56","modified_gmt":"2026-04-15T19:16:56","slug":"nuovo-eurotech-mf-s3-src-clenok","status":"publish","type":"product","link":"https:\/\/gajos.sk\/eshop\/p\/nuovo-eurotech-mf-s3-src-clenok\/","title":{"rendered":"NUOVO EUROTECH MF S3 SRC \u010dlenok"},"content":{"rendered":"","protected":false},"excerpt":{"rendered":"<p>Bezpe\u010dnostn\u00fd \u010dlenok s kompozitnou tu\u017einkou, ktor\u00e1 chr\u00e1ni pred stla\u010den\u00edm silou do 15 kN alebo p\u00e1dom bremena s v\u00e1hou do 20kg z v\u00fd\u0161ky 1m. Antistatick\u00e1 podo\u0161va vyroben\u00e1 z dvojhustotn\u00e9ho polyuret\u00e1nu garantuje nielen komfort, ale aj bezpe\u010die, v\u010faka proti\u0161mykov\u00fdm vlastnostiam podr\u00e1\u017eky, ktor\u00e1 je navy\u0161e rezistentn\u00e1 olejom a oderu. Chodidl\u00e1 s\u00fa chr\u00e1nen\u00e9 aj zo spodu, a to v\u010faka kompozitnej stielke proti prepichu. Zvr\u0161ok obuvi je vyroben\u00fd z pr\u00edrodnej ko\u017ee Barton a vn\u00fatorn\u00e1 pod\u0161\u00edvka z priedu\u0161n\u00e9ho materi\u00e1lu Airnet Mesh. Obuv neobsahuje kovov\u00e9 s\u00fa\u010dasti. Tento model patr\u00ed do kolekcie Basic Neos a v\u010faka strihu zvr\u0161ku je vhodn\u00e1 pre zlieva\u010dov.<\/p>\n","protected":false},"featured_media":331808,"template":"","meta":{"_acf_changed":false,"inline_featured_image":false},"product_brand":[],"product_cat":[2157,2142],"product_tag":[2207],"class_list":{"0":"post-331806","1":"product","2":"type-product","3":"status-publish","4":"has-post-thumbnail","6":"product_cat-clenkova-obuv","7":"product_cat-obuv","8":"product_tag-panda-safety","9":"pa_farba-cierna","10":"pa_velkost-3117","11":"pa_velkost-3118","12":"pa_velkost-3121","13":"pa_velkost-3109","14":"pa_velkost-3110","15":"pa_velkost-3111","16":"pa_velkost-3112","17":"pa_velkost-3113","18":"pa_velkost-3114","19":"pa_velkost-3115","20":"pa_velkost-3116","22":"first","23":"instock","24":"taxable","25":"shipping-taxable","26":"purchasable","27":"product-type-variable"},"acf":[],"_links":{"self":[{"href":"https:\/\/gajos.sk\/eshop\/wp-json\/wp\/v2\/product\/331806","targetHints":{"allow":["GET"]}}],"collection":[{"href":"https:\/\/gajos.sk\/eshop\/wp-json\/wp\/v2\/product"}],"about":[{"href":"https:\/\/gajos.sk\/eshop\/wp-json\/wp\/v2\/types\/product"}],"wp:featuredmedia":[{"embeddable":true,"href":"https:\/\/gajos.sk\/eshop\/wp-json\/wp\/v2\/media\/331808"}],"wp:attachment":[{"href":"https:\/\/gajos.sk\/eshop\/wp-json\/wp\/v2\/media?parent=331806"}],"wp:term":[{"taxonomy":"product_brand","embeddable":true,"href":"https:\/\/gajos.sk\/eshop\/wp-json\/wp\/v2\/product_brand?post=331806"},{"taxonomy":"product_cat","embeddable":true,"href":"https:\/\/gajos.sk\/eshop\/wp-json\/wp\/v2\/product_cat?post=331806"},{"taxonomy":"product_tag","embeddable":true,"href":"https:\/\/gajos.sk\/eshop\/wp-json\/wp\/v2\/product_tag?post=331806"}],"curies":[{"name":"wp","href":"https:\/\/api.w.org\/{rel}","templated":true}]}}