{"id":331748,"date":"2024-03-01T18:57:02","date_gmt":"2024-03-01T17:57:02","guid":{"rendered":"https:\/\/gajostest.a2hosted.com\/eshop\/alfa-neos-o1-src-clenok\/"},"modified":"2026-04-15T21:16:56","modified_gmt":"2026-04-15T19:16:56","slug":"alfa-neos-o1-src-clenok","status":"publish","type":"product","link":"https:\/\/gajos.sk\/eshop\/p\/alfa-neos-o1-src-clenok\/","title":{"rendered":"ALFA NEOS O1 SRC \u010dlenok"},"content":{"rendered":"","protected":false},"excerpt":{"rendered":"<p>Pracovn\u00e1 \u010dlenkov\u00e1 top\u00e1nka bez tu\u017einky. Antistatick\u00e1 podo\u0161va vyroben\u00e1 z dvojhustotn\u00e9ho polyuret\u00e1nu garantuje nielen komfort, ale aj bezpe\u010die v\u010faka proti\u0161mykov\u00fdm vlastnostiam podr\u00e1\u017eky, ktor\u00e1 je navy\u0161e rezistentn\u00e1 olejom a oderu. Zvr\u0161ok obuvi je vyroben\u00fd z pr\u00edrodnej ko\u017ee Barton a vn\u00fatorn\u00e1 pod\u0161\u00edvka z priedu\u0161n\u00e9ho materi\u00e1lu Airnet Mesh. Tento model patr\u00ed do kolekcie Basic Neos.<\/p>\n","protected":false},"featured_media":331750,"template":"","meta":{"_acf_changed":false,"inline_featured_image":false},"product_brand":[],"product_cat":[2157,2142],"product_tag":[2207],"class_list":{"0":"post-331748","1":"product","2":"type-product","3":"status-publish","4":"has-post-thumbnail","6":"product_cat-clenkova-obuv","7":"product_cat-obuv","8":"product_tag-panda-safety","9":"pa_farba-cierna","10":"pa_velkost-3112","11":"pa_velkost-3124","12":"pa_velkost-3113","13":"pa_velkost-3125","14":"pa_velkost-3114","15":"pa_velkost-3115","16":"pa_velkost-3116","17":"pa_velkost-3117","18":"pa_velkost-3118","19":"pa_velkost-3119","20":"pa_velkost-3109","21":"pa_velkost-3120","22":"pa_velkost-3110","23":"pa_velkost-3121","24":"pa_velkost-3111","25":"pa_velkost-3123","27":"first","28":"instock","29":"taxable","30":"shipping-taxable","31":"purchasable","32":"product-type-variable"},"acf":[],"_links":{"self":[{"href":"https:\/\/gajos.sk\/eshop\/wp-json\/wp\/v2\/product\/331748","targetHints":{"allow":["GET"]}}],"collection":[{"href":"https:\/\/gajos.sk\/eshop\/wp-json\/wp\/v2\/product"}],"about":[{"href":"https:\/\/gajos.sk\/eshop\/wp-json\/wp\/v2\/types\/product"}],"wp:featuredmedia":[{"embeddable":true,"href":"https:\/\/gajos.sk\/eshop\/wp-json\/wp\/v2\/media\/331750"}],"wp:attachment":[{"href":"https:\/\/gajos.sk\/eshop\/wp-json\/wp\/v2\/media?parent=331748"}],"wp:term":[{"taxonomy":"product_brand","embeddable":true,"href":"https:\/\/gajos.sk\/eshop\/wp-json\/wp\/v2\/product_brand?post=331748"},{"taxonomy":"product_cat","embeddable":true,"href":"https:\/\/gajos.sk\/eshop\/wp-json\/wp\/v2\/product_cat?post=331748"},{"taxonomy":"product_tag","embeddable":true,"href":"https:\/\/gajos.sk\/eshop\/wp-json\/wp\/v2\/product_tag?post=331748"}],"curies":[{"name":"wp","href":"https:\/\/api.w.org\/{rel}","templated":true}]}}