{"id":331718,"date":"2024-03-01T18:55:51","date_gmt":"2024-03-01T17:55:51","guid":{"rendered":"https:\/\/gajostest.a2hosted.com\/eshop\/hombee-o2-src-clenok\/"},"modified":"2026-05-07T21:12:30","modified_gmt":"2026-05-07T19:12:30","slug":"hombee-o2-src-clenok","status":"publish","type":"product","link":"https:\/\/gajos.sk\/eshop\/p\/hombee-o2-src-clenok\/","title":{"rendered":"HOMBEE O2 SRC \u010dlenok"},"content":{"rendered":"","protected":false},"excerpt":{"rendered":"<p>Chcete spozna\u0165 pracovn\u00fa obuv pre skuto\u010dn\u00e9 osobnosti? Zozn\u00e1mte sa s modelom HOMBEE, ktor\u00fd ide\u00e1lne kombinuje unik\u00e1tny dizajn a optim\u00e1lny komfort pri nosen\u00ed. Za \u017eiadan\u00fdm vzh\u013eadom farm\u00e1rky sa skr\u00fdva bohat\u00fd v\u00fdber funkci\u00ed: odoln\u00e1 olejom a z\u00e1rove\u0148 extr\u00e9mne \u013eahk\u00e1 podr\u00e1\u017eka, ko\u017een\u00fd zvr\u0161ok s modernou vintage \u00fapravou a zips po vn\u00fatornej strane pre e\u0161te jednoduch\u0161ie ob\u00favanie a vyz\u00favanie.Polstrovan\u00e1 zadn\u00e1 \u010das\u0165 a jazyk prin\u00e1\u0161a nielen praktick\u00fa ochranu n\u00f4h, ale spolo\u010dne s komfortnou vn\u00fatornou stielkou tie\u017e pr\u00edjemn\u00fd pocit pri nosen\u00ed.<br \/>\nV\u010faka modern\u00fdm materi\u00e1lom pou\u017eit\u00fdm na v\u00fdrobu tohto modelu nepresahuje celkov\u00e1 v\u00e1ha obuvi 570 g (polp\u00e1r rozmer 42).<br \/>\n\u0164a\u017ek\u00e1 pr\u00e1ca v ter\u00e9ne nie je pre ka\u017ed\u00e9ho. Vy ju ale v\u010faka tomuto modelu zvl\u00e1dnete bezpe\u010dnej\u0161ie av pohodl\u00ed. A navy\u0161e budete vyzera\u0165 pri tom skvele!<\/p>\n","protected":false},"featured_media":331720,"template":"","meta":{"_acf_changed":false,"inline_featured_image":false},"product_brand":[],"product_cat":[2157,2142],"product_tag":[1179],"class_list":{"0":"post-331718","1":"product","2":"type-product","3":"status-publish","4":"has-post-thumbnail","6":"product_cat-clenkova-obuv","7":"product_cat-obuv","8":"product_tag-cerva","9":"pa_farba-bezova","10":"pa_velkost-3121","11":"pa_velkost-3111","12":"pa_velkost-3112","13":"pa_velkost-3113","14":"pa_velkost-3114","15":"pa_velkost-3115","16":"pa_velkost-3116","17":"pa_velkost-3117","18":"pa_velkost-3118","19":"pa_velkost-3119","20":"pa_velkost-3109","21":"pa_velkost-3120","22":"pa_velkost-3110","24":"first","25":"instock","26":"taxable","27":"shipping-taxable","28":"purchasable","29":"product-type-variable"},"acf":[],"_links":{"self":[{"href":"https:\/\/gajos.sk\/eshop\/wp-json\/wp\/v2\/product\/331718","targetHints":{"allow":["GET"]}}],"collection":[{"href":"https:\/\/gajos.sk\/eshop\/wp-json\/wp\/v2\/product"}],"about":[{"href":"https:\/\/gajos.sk\/eshop\/wp-json\/wp\/v2\/types\/product"}],"wp:featuredmedia":[{"embeddable":true,"href":"https:\/\/gajos.sk\/eshop\/wp-json\/wp\/v2\/media\/331720"}],"wp:attachment":[{"href":"https:\/\/gajos.sk\/eshop\/wp-json\/wp\/v2\/media?parent=331718"}],"wp:term":[{"taxonomy":"product_brand","embeddable":true,"href":"https:\/\/gajos.sk\/eshop\/wp-json\/wp\/v2\/product_brand?post=331718"},{"taxonomy":"product_cat","embeddable":true,"href":"https:\/\/gajos.sk\/eshop\/wp-json\/wp\/v2\/product_cat?post=331718"},{"taxonomy":"product_tag","embeddable":true,"href":"https:\/\/gajos.sk\/eshop\/wp-json\/wp\/v2\/product_tag?post=331718"}],"curies":[{"name":"wp","href":"https:\/\/api.w.org\/{rel}","templated":true}]}}