{"id":331652,"date":"2024-03-01T18:55:30","date_gmt":"2024-03-01T17:55:30","guid":{"rendered":"https:\/\/gajostest.a2hosted.com\/eshop\/cortina-mf-s3-src-clenok\/"},"modified":"2026-05-07T21:12:30","modified_gmt":"2026-05-07T19:12:30","slug":"cortina-mf-s3-src-clenok","status":"publish","type":"product","link":"https:\/\/gajos.sk\/eshop\/p\/cortina-mf-s3-src-clenok\/","title":{"rendered":"CORTINA MF S3 SRC \u010dlenok"},"content":{"rendered":"","protected":false},"excerpt":{"rendered":"<p>Bezpe\u010dnostn\u00e1 \u010dlenkov\u00e1 obuv s nekovovou tu\u017einkou a nekovovou stielkou odolnou proti prepichnutiu. Podo\u0161va vyroben\u00e1 z PU\/PU. Zvr\u0161ok z kvalitnej l\u00edcovej ko\u017ee.<\/p>\n","protected":false},"featured_media":331654,"template":"","meta":{"_acf_changed":false,"inline_featured_image":false},"product_brand":[],"product_cat":[2157,2142],"product_tag":[1179],"class_list":{"0":"post-331652","1":"product","2":"type-product","3":"status-publish","4":"has-post-thumbnail","6":"product_cat-clenkova-obuv","7":"product_cat-obuv","8":"product_tag-cerva","9":"pa_farba-cierna","10":"pa_velkost-3109","11":"pa_velkost-3110","12":"pa_velkost-3111","13":"pa_velkost-3112","14":"pa_velkost-3113","15":"pa_velkost-3114","16":"pa_velkost-3115","17":"pa_velkost-3116","18":"pa_velkost-3117","20":"first","21":"instock","22":"taxable","23":"shipping-taxable","24":"purchasable","25":"product-type-variable"},"acf":[],"_links":{"self":[{"href":"https:\/\/gajos.sk\/eshop\/wp-json\/wp\/v2\/product\/331652","targetHints":{"allow":["GET"]}}],"collection":[{"href":"https:\/\/gajos.sk\/eshop\/wp-json\/wp\/v2\/product"}],"about":[{"href":"https:\/\/gajos.sk\/eshop\/wp-json\/wp\/v2\/types\/product"}],"wp:featuredmedia":[{"embeddable":true,"href":"https:\/\/gajos.sk\/eshop\/wp-json\/wp\/v2\/media\/331654"}],"wp:attachment":[{"href":"https:\/\/gajos.sk\/eshop\/wp-json\/wp\/v2\/media?parent=331652"}],"wp:term":[{"taxonomy":"product_brand","embeddable":true,"href":"https:\/\/gajos.sk\/eshop\/wp-json\/wp\/v2\/product_brand?post=331652"},{"taxonomy":"product_cat","embeddable":true,"href":"https:\/\/gajos.sk\/eshop\/wp-json\/wp\/v2\/product_cat?post=331652"},{"taxonomy":"product_tag","embeddable":true,"href":"https:\/\/gajos.sk\/eshop\/wp-json\/wp\/v2\/product_tag?post=331652"}],"curies":[{"name":"wp","href":"https:\/\/api.w.org\/{rel}","templated":true}]}}