{"id":331611,"date":"2024-03-01T18:55:10","date_gmt":"2024-03-01T17:55:10","guid":{"rendered":"https:\/\/gajostest.a2hosted.com\/eshop\/bk-farmer-o2-ci-src-clenok\/"},"modified":"2026-05-07T21:12:30","modified_gmt":"2026-05-07T19:12:30","slug":"bk-farmer-o2-ci-src-clenok","status":"publish","type":"product","link":"https:\/\/gajos.sk\/eshop\/p\/bk-farmer-o2-ci-src-clenok\/","title":{"rendered":"BK FARMER O2 CI SRC \u010dlenok"},"content":{"rendered":"","protected":false},"excerpt":{"rendered":"<p>\u010clenkov\u00e1 termoizola\u010dn\u00e1 obuv bez oce\u013eovej \u0161pi\u010dky, antistatick\u00e1 proti\u0161mykov\u00e1 gumov\u00e1 podr\u00e1\u017eka odoln\u00e1 vo\u010di oleju, absorpcia energie v p\u00e4te, vodotesn\u00fd priedu\u0161n\u00fd zvr\u0161ok z nubukov\u00e9 ko\u017ee.<\/p>\n","protected":false},"featured_media":331613,"template":"","meta":{"_acf_changed":false,"inline_featured_image":false},"product_brand":[],"product_cat":[2157,2142],"product_tag":[1179],"class_list":{"0":"post-331611","1":"product","2":"type-product","3":"status-publish","4":"has-post-thumbnail","6":"product_cat-clenkova-obuv","7":"product_cat-obuv","8":"product_tag-cerva","9":"pa_farba-cierna","10":"pa_farba-bezova","11":"pa_farba-hneda","12":"pa_velkost-3119","13":"pa_velkost-3109","14":"pa_velkost-3120","15":"pa_velkost-3110","16":"pa_velkost-3121","17":"pa_velkost-3111","18":"pa_velkost-3112","19":"pa_velkost-3113","20":"pa_velkost-3114","21":"pa_velkost-3115","22":"pa_velkost-3116","23":"pa_velkost-3117","24":"pa_velkost-3118","26":"first","27":"instock","28":"taxable","29":"shipping-taxable","30":"purchasable","31":"product-type-variable"},"acf":[],"_links":{"self":[{"href":"https:\/\/gajos.sk\/eshop\/wp-json\/wp\/v2\/product\/331611","targetHints":{"allow":["GET"]}}],"collection":[{"href":"https:\/\/gajos.sk\/eshop\/wp-json\/wp\/v2\/product"}],"about":[{"href":"https:\/\/gajos.sk\/eshop\/wp-json\/wp\/v2\/types\/product"}],"wp:featuredmedia":[{"embeddable":true,"href":"https:\/\/gajos.sk\/eshop\/wp-json\/wp\/v2\/media\/331613"}],"wp:attachment":[{"href":"https:\/\/gajos.sk\/eshop\/wp-json\/wp\/v2\/media?parent=331611"}],"wp:term":[{"taxonomy":"product_brand","embeddable":true,"href":"https:\/\/gajos.sk\/eshop\/wp-json\/wp\/v2\/product_brand?post=331611"},{"taxonomy":"product_cat","embeddable":true,"href":"https:\/\/gajos.sk\/eshop\/wp-json\/wp\/v2\/product_cat?post=331611"},{"taxonomy":"product_tag","embeddable":true,"href":"https:\/\/gajos.sk\/eshop\/wp-json\/wp\/v2\/product_tag?post=331611"}],"curies":[{"name":"wp","href":"https:\/\/api.w.org\/{rel}","templated":true}]}}