{"id":331583,"date":"2024-03-01T18:55:05","date_gmt":"2024-03-01T17:55:05","guid":{"rendered":"https:\/\/gajostest.a2hosted.com\/eshop\/bk-farmer-o1-src-clenok\/"},"modified":"2026-05-07T21:12:30","modified_gmt":"2026-05-07T19:12:30","slug":"bk-farmer-o1-src-clenok","status":"publish","type":"product","link":"https:\/\/gajos.sk\/eshop\/p\/bk-farmer-o1-src-clenok\/","title":{"rendered":"BK FARMER O1 SRC \u010dlenok"},"content":{"rendered":"","protected":false},"excerpt":{"rendered":"<p>\u010clenkov\u00e1 pracovn\u00e1 obuv bez oce\u013eovej \u0161pi\u010dky, antistatick\u00e1 proti\u0161mykov\u00e1 gumov\u00e1 podr\u00e1\u017eka odoln\u00e1 vo\u010di oleju, absorpcia energie v p\u00e4te, vodotesn\u00fd priedu\u0161n\u00fd zvr\u0161ok z nubukovej ko\u017ee.<\/p>\n","protected":false},"featured_media":331585,"template":"","meta":{"_acf_changed":false,"inline_featured_image":false},"product_brand":[],"product_cat":[2157,2142],"product_tag":[1179],"class_list":{"0":"post-331583","1":"product","2":"type-product","3":"status-publish","4":"has-post-thumbnail","6":"product_cat-clenkova-obuv","7":"product_cat-obuv","8":"product_tag-cerva","9":"pa_farba-cierna","10":"pa_farba-bezova","11":"pa_velkost-3112","12":"pa_velkost-3113","13":"pa_velkost-3114","14":"pa_velkost-3115","15":"pa_velkost-3116","16":"pa_velkost-3117","17":"pa_velkost-3118","18":"pa_velkost-3119","19":"pa_velkost-3109","20":"pa_velkost-3120","21":"pa_velkost-3110","22":"pa_velkost-3121","23":"pa_velkost-3111","25":"first","26":"instock","27":"taxable","28":"shipping-taxable","29":"purchasable","30":"product-type-variable"},"acf":[],"_links":{"self":[{"href":"https:\/\/gajos.sk\/eshop\/wp-json\/wp\/v2\/product\/331583","targetHints":{"allow":["GET"]}}],"collection":[{"href":"https:\/\/gajos.sk\/eshop\/wp-json\/wp\/v2\/product"}],"about":[{"href":"https:\/\/gajos.sk\/eshop\/wp-json\/wp\/v2\/types\/product"}],"wp:featuredmedia":[{"embeddable":true,"href":"https:\/\/gajos.sk\/eshop\/wp-json\/wp\/v2\/media\/331585"}],"wp:attachment":[{"href":"https:\/\/gajos.sk\/eshop\/wp-json\/wp\/v2\/media?parent=331583"}],"wp:term":[{"taxonomy":"product_brand","embeddable":true,"href":"https:\/\/gajos.sk\/eshop\/wp-json\/wp\/v2\/product_brand?post=331583"},{"taxonomy":"product_cat","embeddable":true,"href":"https:\/\/gajos.sk\/eshop\/wp-json\/wp\/v2\/product_cat?post=331583"},{"taxonomy":"product_tag","embeddable":true,"href":"https:\/\/gajos.sk\/eshop\/wp-json\/wp\/v2\/product_tag?post=331583"}],"curies":[{"name":"wp","href":"https:\/\/api.w.org\/{rel}","templated":true}]}}