{"id":331540,"date":"2024-03-01T18:53:45","date_gmt":"2024-03-01T17:53:45","guid":{"rendered":"https:\/\/gajostest.a2hosted.com\/eshop\/wheels-mf-s3-hro-src-clenok\/"},"modified":"2026-04-25T21:16:05","modified_gmt":"2026-04-25T19:16:05","slug":"wheels-mf-s3-hro-src-clenok","status":"publish","type":"product","link":"https:\/\/gajos.sk\/eshop\/p\/wheels-mf-s3-hro-src-clenok\/","title":{"rendered":"WHEELS MF S3 HRO SRC \u010dlenok"},"content":{"rendered":"","protected":false},"excerpt":{"rendered":"<p>Bezpe\u010dnostn\u00e1 kotn\u00edkov\u00e1 obuv s kompozitnou tu\u017einkou a aramidovou stielkou odolnou proti propichnutiu. Podo\u0161va z dvojhustotn\u00e9ho PU s masivnou ochranou vo\u010di okopaniu. Zvr\u0161ok z vodeodolnej nubuk ko\u017ee.<\/p>\n","protected":false},"featured_media":331542,"template":"","meta":{"_acf_changed":false,"inline_featured_image":false},"product_brand":[],"product_cat":[2157,2142],"product_tag":[1198],"class_list":{"0":"post-331540","1":"product","2":"type-product","3":"status-publish","4":"has-post-thumbnail","6":"product_cat-clenkova-obuv","7":"product_cat-obuv","8":"product_tag-to-work-for","9":"pa_farba-cierna","10":"pa_velkost-3111","11":"pa_velkost-3112","12":"pa_velkost-3113","13":"pa_velkost-3114","14":"pa_velkost-3115","15":"pa_velkost-3116","16":"pa_velkost-3117","17":"pa_velkost-3109","18":"pa_velkost-3110","20":"first","21":"instock","22":"taxable","23":"shipping-taxable","24":"purchasable","25":"product-type-variable"},"acf":[],"_links":{"self":[{"href":"https:\/\/gajos.sk\/eshop\/wp-json\/wp\/v2\/product\/331540","targetHints":{"allow":["GET"]}}],"collection":[{"href":"https:\/\/gajos.sk\/eshop\/wp-json\/wp\/v2\/product"}],"about":[{"href":"https:\/\/gajos.sk\/eshop\/wp-json\/wp\/v2\/types\/product"}],"wp:featuredmedia":[{"embeddable":true,"href":"https:\/\/gajos.sk\/eshop\/wp-json\/wp\/v2\/media\/331542"}],"wp:attachment":[{"href":"https:\/\/gajos.sk\/eshop\/wp-json\/wp\/v2\/media?parent=331540"}],"wp:term":[{"taxonomy":"product_brand","embeddable":true,"href":"https:\/\/gajos.sk\/eshop\/wp-json\/wp\/v2\/product_brand?post=331540"},{"taxonomy":"product_cat","embeddable":true,"href":"https:\/\/gajos.sk\/eshop\/wp-json\/wp\/v2\/product_cat?post=331540"},{"taxonomy":"product_tag","embeddable":true,"href":"https:\/\/gajos.sk\/eshop\/wp-json\/wp\/v2\/product_tag?post=331540"}],"curies":[{"name":"wp","href":"https:\/\/api.w.org\/{rel}","templated":true}]}}