{"id":331515,"date":"2024-03-01T18:53:38","date_gmt":"2024-03-01T17:53:38","guid":{"rendered":"https:\/\/gajostest.a2hosted.com\/eshop\/no-six-qls-mf-s3-src-clenok\/"},"modified":"2026-04-15T21:16:55","modified_gmt":"2026-04-15T19:16:55","slug":"no-six-qls-mf-s3-src-clenok","status":"publish","type":"product","link":"https:\/\/gajos.sk\/eshop\/p\/no-six-qls-mf-s3-src-clenok\/","title":{"rendered":"No.SIX QLS MF S3 SRC \u010dlenok"},"content":{"rendered":"","protected":false},"excerpt":{"rendered":"<p>Bezpe\u010dnostn\u00e1 kotn\u00edkov\u00e1 obuv s nekovovou tu\u017einkou a kevlarovou stielkou odolnou proti prepichnutiu. Podo\u0161va vyroben\u00e1 z PU\/TPU. Zvr\u0161ok z kvalitnej l\u00edcovej ko\u017ee. Unik\u00e1tne r\u00fdchlozap\u00ednanie pomocou kolieska.<\/p>\n","protected":false},"featured_media":331517,"template":"","meta":{"_acf_changed":false,"inline_featured_image":false},"product_brand":[],"product_cat":[2157,2142],"product_tag":[2207],"class_list":{"0":"post-331515","1":"product","2":"type-product","3":"status-publish","4":"has-post-thumbnail","6":"product_cat-clenkova-obuv","7":"product_cat-obuv","8":"product_tag-panda-safety","9":"pa_farba-cierna","10":"pa_velkost-3121","11":"pa_velkost-3109","12":"pa_velkost-3110","13":"pa_velkost-3112","14":"pa_velkost-3113","15":"pa_velkost-3114","16":"pa_velkost-3115","17":"pa_velkost-3116","18":"pa_velkost-3117","19":"pa_velkost-3118","21":"first","22":"instock","23":"taxable","24":"shipping-taxable","25":"purchasable","26":"product-type-variable"},"acf":[],"_links":{"self":[{"href":"https:\/\/gajos.sk\/eshop\/wp-json\/wp\/v2\/product\/331515","targetHints":{"allow":["GET"]}}],"collection":[{"href":"https:\/\/gajos.sk\/eshop\/wp-json\/wp\/v2\/product"}],"about":[{"href":"https:\/\/gajos.sk\/eshop\/wp-json\/wp\/v2\/types\/product"}],"wp:featuredmedia":[{"embeddable":true,"href":"https:\/\/gajos.sk\/eshop\/wp-json\/wp\/v2\/media\/331517"}],"wp:attachment":[{"href":"https:\/\/gajos.sk\/eshop\/wp-json\/wp\/v2\/media?parent=331515"}],"wp:term":[{"taxonomy":"product_brand","embeddable":true,"href":"https:\/\/gajos.sk\/eshop\/wp-json\/wp\/v2\/product_brand?post=331515"},{"taxonomy":"product_cat","embeddable":true,"href":"https:\/\/gajos.sk\/eshop\/wp-json\/wp\/v2\/product_cat?post=331515"},{"taxonomy":"product_tag","embeddable":true,"href":"https:\/\/gajos.sk\/eshop\/wp-json\/wp\/v2\/product_tag?post=331515"}],"curies":[{"name":"wp","href":"https:\/\/api.w.org\/{rel}","templated":true}]}}