{"id":331507,"date":"2024-03-01T18:53:33","date_gmt":"2024-03-01T17:53:33","guid":{"rendered":"https:\/\/gajostest.a2hosted.com\/eshop\/no-three-mf-s3-src-clenok\/"},"modified":"2026-04-15T21:16:55","modified_gmt":"2026-04-15T19:16:55","slug":"no-three-mf-s3-src-clenok","status":"publish","type":"product","link":"https:\/\/gajos.sk\/eshop\/p\/no-three-mf-s3-src-clenok\/","title":{"rendered":"No.THREE MF S3 SRC \u010dlenok"},"content":{"rendered":"","protected":false},"excerpt":{"rendered":"<p>Bezpe\u010dnostn\u00e1 kotn\u00edkov\u00e1 obuv s nekovovou tu\u017einkou a aramidovou stielkou odolnou proti prepichnutiu. Podo\u0161va vyroben\u00e1 z PU\/TPU. Zvr\u0161ok z kvalitnej l\u00edcovej ko\u017ee.<\/p>\n","protected":false},"featured_media":331509,"template":"","meta":{"_acf_changed":false,"inline_featured_image":false},"product_brand":[],"product_cat":[2157,2142],"product_tag":[2207],"class_list":{"0":"post-331507","1":"product","2":"type-product","3":"status-publish","4":"has-post-thumbnail","6":"product_cat-clenkova-obuv","7":"product_cat-obuv","8":"product_tag-panda-safety","9":"pa_farba-cierna","10":"pa_velkost-3109","11":"pa_velkost-3113","12":"pa_velkost-3116","13":"pa_velkost-3117","14":"pa_velkost-3118","15":"pa_velkost-3121","17":"first","18":"instock","19":"taxable","20":"shipping-taxable","21":"purchasable","22":"product-type-variable"},"acf":[],"_links":{"self":[{"href":"https:\/\/gajos.sk\/eshop\/wp-json\/wp\/v2\/product\/331507","targetHints":{"allow":["GET"]}}],"collection":[{"href":"https:\/\/gajos.sk\/eshop\/wp-json\/wp\/v2\/product"}],"about":[{"href":"https:\/\/gajos.sk\/eshop\/wp-json\/wp\/v2\/types\/product"}],"wp:featuredmedia":[{"embeddable":true,"href":"https:\/\/gajos.sk\/eshop\/wp-json\/wp\/v2\/media\/331509"}],"wp:attachment":[{"href":"https:\/\/gajos.sk\/eshop\/wp-json\/wp\/v2\/media?parent=331507"}],"wp:term":[{"taxonomy":"product_brand","embeddable":true,"href":"https:\/\/gajos.sk\/eshop\/wp-json\/wp\/v2\/product_brand?post=331507"},{"taxonomy":"product_cat","embeddable":true,"href":"https:\/\/gajos.sk\/eshop\/wp-json\/wp\/v2\/product_cat?post=331507"},{"taxonomy":"product_tag","embeddable":true,"href":"https:\/\/gajos.sk\/eshop\/wp-json\/wp\/v2\/product_tag?post=331507"}],"curies":[{"name":"wp","href":"https:\/\/api.w.org\/{rel}","templated":true}]}}