{"id":331463,"date":"2024-03-01T18:53:22","date_gmt":"2024-03-01T17:53:22","guid":{"rendered":"https:\/\/gajostest.a2hosted.com\/eshop\/bk-tpu-mf-s3-ci-src-clenok\/"},"modified":"2026-05-07T21:12:30","modified_gmt":"2026-05-07T19:12:30","slug":"bk-tpu-mf-s3-ci-src-clenok","status":"publish","type":"product","link":"https:\/\/gajos.sk\/eshop\/p\/bk-tpu-mf-s3-ci-src-clenok\/","title":{"rendered":"BK TPU MF S3 CI SRC \u010dlenok"},"content":{"rendered":"","protected":false},"excerpt":{"rendered":"<p>Zateplen\u00e1 bezpe\u010dnostn\u00e1 kotn\u00edkov\u00e1 obuv s nekovovou tu\u017einkou a aramidovou stielkou odolnou proti propichnutiu. Podo\u0161va z PU\/TPU. Zvr\u0161ok z\u00a0kvalitnej ko\u017ee \u2013 nubuk.<\/p>\n","protected":false},"featured_media":331465,"template":"","meta":{"_acf_changed":false,"inline_featured_image":false},"product_brand":[],"product_cat":[2157,2142],"product_tag":[1179],"class_list":{"0":"post-331463","1":"product","2":"type-product","3":"status-publish","4":"has-post-thumbnail","6":"product_cat-clenkova-obuv","7":"product_cat-obuv","8":"product_tag-cerva","9":"pa_farba-cierna","10":"pa_velkost-3118","11":"pa_velkost-3121","12":"pa_velkost-3109","13":"pa_velkost-3110","14":"pa_velkost-3111","15":"pa_velkost-3112","16":"pa_velkost-3113","17":"pa_velkost-3114","18":"pa_velkost-3115","19":"pa_velkost-3116","20":"pa_velkost-3117","22":"first","23":"instock","24":"taxable","25":"shipping-taxable","26":"purchasable","27":"product-type-variable"},"acf":[],"_links":{"self":[{"href":"https:\/\/gajos.sk\/eshop\/wp-json\/wp\/v2\/product\/331463","targetHints":{"allow":["GET"]}}],"collection":[{"href":"https:\/\/gajos.sk\/eshop\/wp-json\/wp\/v2\/product"}],"about":[{"href":"https:\/\/gajos.sk\/eshop\/wp-json\/wp\/v2\/types\/product"}],"wp:featuredmedia":[{"embeddable":true,"href":"https:\/\/gajos.sk\/eshop\/wp-json\/wp\/v2\/media\/331465"}],"wp:attachment":[{"href":"https:\/\/gajos.sk\/eshop\/wp-json\/wp\/v2\/media?parent=331463"}],"wp:term":[{"taxonomy":"product_brand","embeddable":true,"href":"https:\/\/gajos.sk\/eshop\/wp-json\/wp\/v2\/product_brand?post=331463"},{"taxonomy":"product_cat","embeddable":true,"href":"https:\/\/gajos.sk\/eshop\/wp-json\/wp\/v2\/product_cat?post=331463"},{"taxonomy":"product_tag","embeddable":true,"href":"https:\/\/gajos.sk\/eshop\/wp-json\/wp\/v2\/product_tag?post=331463"}],"curies":[{"name":"wp","href":"https:\/\/api.w.org\/{rel}","templated":true}]}}