{"id":331384,"date":"2024-03-01T18:53:03","date_gmt":"2024-03-01T17:53:03","guid":{"rendered":"https:\/\/gajostest.a2hosted.com\/eshop\/derril-mf-s3-src-clenok\/"},"modified":"2026-05-07T21:12:30","modified_gmt":"2026-05-07T19:12:30","slug":"derril-mf-s3-src-clenok","status":"publish","type":"product","link":"https:\/\/gajos.sk\/eshop\/p\/derril-mf-s3-src-clenok\/","title":{"rendered":"DERRIL MF S3 SRC \u010dlenok"},"content":{"rendered":"","protected":false},"excerpt":{"rendered":"<p>Bezpe\u010dnostn\u00e1 kotn\u00edkov\u00e1 obuv s kompozitnou tu\u017einkou a aramidovou stielkou odolnou proti propichnutiu. Podo\u0161va z dvojhustotn\u00e9ho PU s masivnou ochranou vo\u010di okopaniu. Zvr\u0161ok z vodeodolnej nubuk ko\u017ee.<\/p>\n","protected":false},"featured_media":331386,"template":"","meta":{"_acf_changed":false,"inline_featured_image":false},"product_brand":[],"product_cat":[2157,2142],"product_tag":[1179],"class_list":{"0":"post-331384","1":"product","2":"type-product","3":"status-publish","4":"has-post-thumbnail","6":"product_cat-clenkova-obuv","7":"product_cat-obuv","8":"product_tag-cerva","9":"pa_farba-siva","10":"pa_farba-hneda","11":"pa_velkost-3118","12":"pa_velkost-3121","13":"pa_velkost-3109","14":"pa_velkost-3123","15":"pa_velkost-3110","16":"pa_velkost-3124","17":"pa_velkost-3111","18":"pa_velkost-3112","19":"pa_velkost-3113","20":"pa_velkost-3114","21":"pa_velkost-3115","22":"pa_velkost-3116","23":"pa_velkost-3117","25":"first","26":"instock","27":"taxable","28":"shipping-taxable","29":"purchasable","30":"product-type-variable"},"acf":[],"_links":{"self":[{"href":"https:\/\/gajos.sk\/eshop\/wp-json\/wp\/v2\/product\/331384","targetHints":{"allow":["GET"]}}],"collection":[{"href":"https:\/\/gajos.sk\/eshop\/wp-json\/wp\/v2\/product"}],"about":[{"href":"https:\/\/gajos.sk\/eshop\/wp-json\/wp\/v2\/types\/product"}],"wp:featuredmedia":[{"embeddable":true,"href":"https:\/\/gajos.sk\/eshop\/wp-json\/wp\/v2\/media\/331386"}],"wp:attachment":[{"href":"https:\/\/gajos.sk\/eshop\/wp-json\/wp\/v2\/media?parent=331384"}],"wp:term":[{"taxonomy":"product_brand","embeddable":true,"href":"https:\/\/gajos.sk\/eshop\/wp-json\/wp\/v2\/product_brand?post=331384"},{"taxonomy":"product_cat","embeddable":true,"href":"https:\/\/gajos.sk\/eshop\/wp-json\/wp\/v2\/product_cat?post=331384"},{"taxonomy":"product_tag","embeddable":true,"href":"https:\/\/gajos.sk\/eshop\/wp-json\/wp\/v2\/product_tag?post=331384"}],"curies":[{"name":"wp","href":"https:\/\/api.w.org\/{rel}","templated":true}]}}