{"id":331368,"date":"2024-03-01T18:51:58","date_gmt":"2024-03-01T17:51:58","guid":{"rendered":"https:\/\/gajostest.a2hosted.com\/eshop\/halwill-mf-esd-s1p-src-clenok\/"},"modified":"2026-05-07T21:12:30","modified_gmt":"2026-05-07T19:12:30","slug":"halwill-mf-esd-s1p-src-clenok","status":"publish","type":"product","link":"https:\/\/gajos.sk\/eshop\/p\/halwill-mf-esd-s1p-src-clenok\/","title":{"rendered":"HALWILL MF ESD S1P SRC \u010dlenok"},"content":{"rendered":"","protected":false},"excerpt":{"rendered":"<p>Bezpe\u010dnostn\u00e1 ESD kotn\u00edkov\u00e1 obuv s\u00a0nekovovou tu\u017einkou a\u00a0aramidovou stielkou odolnou proti prep\u00edchnutiu. Podo\u0161va z\u00a0dvojhustotn\u00e9ho PU. Zvr\u0161ok z\u00a0inovativneho mikrovl\u00e1kna, ktor\u00e9 zais\u0165uje u\u017e\u00edvate\u013eovi perfektn\u00fa priedu\u0161nos\u0165.<\/p>\n","protected":false},"featured_media":331370,"template":"","meta":{"_acf_changed":false,"inline_featured_image":false},"product_brand":[],"product_cat":[2157,2142],"product_tag":[1179],"class_list":{"0":"post-331368","1":"product","2":"type-product","3":"status-publish","4":"has-post-thumbnail","6":"product_cat-clenkova-obuv","7":"product_cat-obuv","8":"product_tag-cerva","9":"pa_farba-cierna","10":"pa_velkost-3121","11":"pa_velkost-3111","12":"pa_velkost-3124","13":"pa_velkost-3112","14":"pa_velkost-3113","15":"pa_velkost-3114","16":"pa_velkost-3115","17":"pa_velkost-3116","18":"pa_velkost-3117","19":"pa_velkost-3118","20":"pa_velkost-3119","21":"pa_velkost-3109","22":"pa_velkost-3120","23":"pa_velkost-3110","25":"first","26":"instock","27":"taxable","28":"shipping-taxable","29":"purchasable","30":"product-type-variable"},"acf":[],"_links":{"self":[{"href":"https:\/\/gajos.sk\/eshop\/wp-json\/wp\/v2\/product\/331368","targetHints":{"allow":["GET"]}}],"collection":[{"href":"https:\/\/gajos.sk\/eshop\/wp-json\/wp\/v2\/product"}],"about":[{"href":"https:\/\/gajos.sk\/eshop\/wp-json\/wp\/v2\/types\/product"}],"wp:featuredmedia":[{"embeddable":true,"href":"https:\/\/gajos.sk\/eshop\/wp-json\/wp\/v2\/media\/331370"}],"wp:attachment":[{"href":"https:\/\/gajos.sk\/eshop\/wp-json\/wp\/v2\/media?parent=331368"}],"wp:term":[{"taxonomy":"product_brand","embeddable":true,"href":"https:\/\/gajos.sk\/eshop\/wp-json\/wp\/v2\/product_brand?post=331368"},{"taxonomy":"product_cat","embeddable":true,"href":"https:\/\/gajos.sk\/eshop\/wp-json\/wp\/v2\/product_cat?post=331368"},{"taxonomy":"product_tag","embeddable":true,"href":"https:\/\/gajos.sk\/eshop\/wp-json\/wp\/v2\/product_tag?post=331368"}],"curies":[{"name":"wp","href":"https:\/\/api.w.org\/{rel}","templated":true}]}}