{"id":331355,"date":"2024-03-01T18:51:55","date_gmt":"2024-03-01T17:51:55","guid":{"rendered":"https:\/\/gajostest.a2hosted.com\/eshop\/cerbiatto-mf-s3-hro-src-clenok\/"},"modified":"2026-04-15T21:16:55","modified_gmt":"2026-04-15T19:16:55","slug":"cerbiatto-mf-s3-hro-src-clenok","status":"publish","type":"product","link":"https:\/\/gajos.sk\/eshop\/p\/cerbiatto-mf-s3-hro-src-clenok\/","title":{"rendered":"CERBIATTO MF S3 HRO SRC \u010dlenok"},"content":{"rendered":"","protected":false},"excerpt":{"rendered":"<p>Bezpe\u010dnostn\u00e1 kotn\u00edkov\u00e1 obuv s\u00a0nekovovou tu\u017einkou aj\u00a0stielkou odolnou proti propichnutiu, antistatickou a\u00a0proti\u0161mykovou PU\/gumovou podr\u00e1\u017ekou rezistentnou vo\u010di olejom, absorpcii energie v\u00a0p\u00e4te, vodeodoln\u00fdm zvr\u0161kom z\u00a0priedu\u0161nej ko\u017ee a\u00a0reflexn\u00fdmi komponentmi pre zv\u00fd\u0161enie vidite\u013enosti. Unik\u00e1tn\u00e1 PU\/gumov\u00e1 podo\u0161va.<\/p>\n","protected":false},"featured_media":331357,"template":"","meta":{"_acf_changed":false,"inline_featured_image":false},"product_brand":[],"product_cat":[2157,2142],"product_tag":[2207],"class_list":{"0":"post-331355","1":"product","2":"type-product","3":"status-publish","4":"has-post-thumbnail","6":"product_cat-clenkova-obuv","7":"product_cat-obuv","8":"product_tag-panda-safety","9":"pa_farba-cierna","10":"pa_velkost-3118","11":"pa_velkost-3121","12":"pa_velkost-3109","13":"pa_velkost-3110","14":"pa_velkost-3111","15":"pa_velkost-3112","16":"pa_velkost-3113","17":"pa_velkost-3114","18":"pa_velkost-3115","19":"pa_velkost-3116","20":"pa_velkost-3117","22":"first","23":"instock","24":"taxable","25":"shipping-taxable","26":"purchasable","27":"product-type-variable"},"acf":[],"_links":{"self":[{"href":"https:\/\/gajos.sk\/eshop\/wp-json\/wp\/v2\/product\/331355","targetHints":{"allow":["GET"]}}],"collection":[{"href":"https:\/\/gajos.sk\/eshop\/wp-json\/wp\/v2\/product"}],"about":[{"href":"https:\/\/gajos.sk\/eshop\/wp-json\/wp\/v2\/types\/product"}],"wp:featuredmedia":[{"embeddable":true,"href":"https:\/\/gajos.sk\/eshop\/wp-json\/wp\/v2\/media\/331357"}],"wp:attachment":[{"href":"https:\/\/gajos.sk\/eshop\/wp-json\/wp\/v2\/media?parent=331355"}],"wp:term":[{"taxonomy":"product_brand","embeddable":true,"href":"https:\/\/gajos.sk\/eshop\/wp-json\/wp\/v2\/product_brand?post=331355"},{"taxonomy":"product_cat","embeddable":true,"href":"https:\/\/gajos.sk\/eshop\/wp-json\/wp\/v2\/product_cat?post=331355"},{"taxonomy":"product_tag","embeddable":true,"href":"https:\/\/gajos.sk\/eshop\/wp-json\/wp\/v2\/product_tag?post=331355"}],"curies":[{"name":"wp","href":"https:\/\/api.w.org\/{rel}","templated":true}]}}