{"id":331251,"date":"2024-03-01T18:51:21","date_gmt":"2024-03-01T17:51:21","guid":{"rendered":"https:\/\/gajostest.a2hosted.com\/eshop\/dinkel-s3-sra-clenok\/"},"modified":"2026-04-11T17:47:33","modified_gmt":"2026-04-11T15:47:33","slug":"dinkel-s3-sra-clenok","status":"publish","type":"product","link":"https:\/\/gajos.sk\/eshop\/p\/dinkel-s3-sra-clenok\/","title":{"rendered":"DINKEL S3 SRA \u010dlenok"},"content":{"rendered":"","protected":false},"excerpt":{"rendered":"<p>Klasick\u00e1 bezpe\u010dnostn\u00e1 \u010dlenkov\u00e1 obuv s oce\u013eovou tu\u017einkou v \u0161pici, ktor\u00e1 chr\u00e1ni pred stla\u010den\u00edm silou do 15 kN alebo p\u00e1dom bremena o v\u00e1he do 20 kg z v\u00fd\u0161ky 1 m. Antistatick\u00e1 podr\u00e1\u017eka vyroben\u00e1 z dvojhustotn\u00e9ho polyuret\u00e1nu garantuje nielen komfort, ale aj bezpe\u010die v\u010faka oce\u013eovej stielke proti prepichnutiam proti\u0161mykov\u00fdm vlastnostiam podr\u00e1\u017eky, ktor\u00e1 je navy\u0161e rezistentn\u00e1 olejom a oderu. Zvr\u0161ok odoln\u00fd prieniku a absorpcie vody je vyroben\u00fd z pr\u00edrodnej \u0161tiepenkovej ko\u017ee a vn\u00fatorn\u00e1 pod\u0161\u00edvka z priedu\u0161n\u00e9ho polyesteru s antibakteri\u00e1lnou \u00fapravou.<\/p>\n","protected":false},"featured_media":331253,"template":"","meta":{"_acf_changed":false,"inline_featured_image":false},"product_brand":[],"product_cat":[2157,2142],"product_tag":[1274],"class_list":{"0":"post-331251","1":"product","2":"type-product","3":"status-publish","4":"has-post-thumbnail","6":"product_cat-clenkova-obuv","7":"product_cat-obuv","8":"product_tag-safeworker","9":"pa_farba-cierna","10":"pa_velkost-3112","11":"pa_velkost-3113","12":"pa_velkost-3114","13":"pa_velkost-3115","14":"pa_velkost-3116","15":"pa_velkost-3117","16":"pa_velkost-3110","17":"pa_velkost-3111","19":"first","20":"instock","21":"taxable","22":"shipping-taxable","23":"product-type-variable"},"acf":[],"_links":{"self":[{"href":"https:\/\/gajos.sk\/eshop\/wp-json\/wp\/v2\/product\/331251","targetHints":{"allow":["GET"]}}],"collection":[{"href":"https:\/\/gajos.sk\/eshop\/wp-json\/wp\/v2\/product"}],"about":[{"href":"https:\/\/gajos.sk\/eshop\/wp-json\/wp\/v2\/types\/product"}],"wp:featuredmedia":[{"embeddable":true,"href":"https:\/\/gajos.sk\/eshop\/wp-json\/wp\/v2\/media\/331253"}],"wp:attachment":[{"href":"https:\/\/gajos.sk\/eshop\/wp-json\/wp\/v2\/media?parent=331251"}],"wp:term":[{"taxonomy":"product_brand","embeddable":true,"href":"https:\/\/gajos.sk\/eshop\/wp-json\/wp\/v2\/product_brand?post=331251"},{"taxonomy":"product_cat","embeddable":true,"href":"https:\/\/gajos.sk\/eshop\/wp-json\/wp\/v2\/product_cat?post=331251"},{"taxonomy":"product_tag","embeddable":true,"href":"https:\/\/gajos.sk\/eshop\/wp-json\/wp\/v2\/product_tag?post=331251"}],"curies":[{"name":"wp","href":"https:\/\/api.w.org\/{rel}","templated":true}]}}