{"id":331144,"date":"2024-03-01T18:49:53","date_gmt":"2024-03-01T17:49:53","guid":{"rendered":"https:\/\/gajostest.a2hosted.com\/eshop\/tiger-mf-s3-src-hro-clenok\/"},"modified":"2026-04-11T17:47:31","modified_gmt":"2026-04-11T15:47:31","slug":"tiger-mf-s3-src-hro-clenok","status":"publish","type":"product","link":"https:\/\/gajos.sk\/eshop\/p\/tiger-mf-s3-src-hro-clenok\/","title":{"rendered":"TIGER MF S3 SRC HRO \u010dlenok"},"content":{"rendered":"","protected":false},"excerpt":{"rendered":"<p>S3 SRC Bezpe\u010dnostn\u00e1 \u010dlenkov\u00e1 obuv s kompozitnou bezpe\u010dnostnou \u0161picou a stielkou odolnou vo\u010di prepichnutiu, antistatickou a proti\u0161mykovou gumovou podo\u0161vou rezistentnou vo\u010di olejom, vodeodoln\u00fd zvr\u0161ok z kvalitnej l\u00edcovej ko\u017ee<\/p>\n","protected":false},"featured_media":331146,"template":"","meta":{"_acf_changed":false,"inline_featured_image":false},"product_brand":[],"product_cat":[2157,2142],"product_tag":[1198],"class_list":{"0":"post-331144","1":"product","2":"type-product","3":"status-publish","4":"has-post-thumbnail","6":"product_cat-clenkova-obuv","7":"product_cat-obuv","8":"product_tag-to-work-for","9":"pa_farba-pieskova","10":"pa_velkost-3118","11":"pa_velkost-3119","12":"pa_velkost-3109","13":"pa_velkost-3120","14":"pa_velkost-3110","15":"pa_velkost-3121","16":"pa_velkost-3111","17":"pa_velkost-3123","18":"pa_velkost-3112","19":"pa_velkost-3124","20":"pa_velkost-3113","21":"pa_velkost-3131","22":"pa_velkost-3114","23":"pa_velkost-3115","24":"pa_velkost-3116","25":"pa_velkost-3117","27":"first","28":"instock","29":"taxable","30":"shipping-taxable","31":"product-type-variable"},"acf":[],"_links":{"self":[{"href":"https:\/\/gajos.sk\/eshop\/wp-json\/wp\/v2\/product\/331144","targetHints":{"allow":["GET"]}}],"collection":[{"href":"https:\/\/gajos.sk\/eshop\/wp-json\/wp\/v2\/product"}],"about":[{"href":"https:\/\/gajos.sk\/eshop\/wp-json\/wp\/v2\/types\/product"}],"wp:featuredmedia":[{"embeddable":true,"href":"https:\/\/gajos.sk\/eshop\/wp-json\/wp\/v2\/media\/331146"}],"wp:attachment":[{"href":"https:\/\/gajos.sk\/eshop\/wp-json\/wp\/v2\/media?parent=331144"}],"wp:term":[{"taxonomy":"product_brand","embeddable":true,"href":"https:\/\/gajos.sk\/eshop\/wp-json\/wp\/v2\/product_brand?post=331144"},{"taxonomy":"product_cat","embeddable":true,"href":"https:\/\/gajos.sk\/eshop\/wp-json\/wp\/v2\/product_cat?post=331144"},{"taxonomy":"product_tag","embeddable":true,"href":"https:\/\/gajos.sk\/eshop\/wp-json\/wp\/v2\/product_tag?post=331144"}],"curies":[{"name":"wp","href":"https:\/\/api.w.org\/{rel}","templated":true}]}}