{"id":330861,"date":"2024-03-01T18:47:40","date_gmt":"2024-03-01T17:47:40","guid":{"rendered":"https:\/\/gajostest.a2hosted.com\/eshop\/bk-farmer-clenok\/"},"modified":"2026-04-11T17:47:29","modified_gmt":"2026-04-11T15:47:29","slug":"bk-farmer-clenok","status":"publish","type":"product","link":"https:\/\/gajos.sk\/eshop\/p\/bk-farmer-clenok\/","title":{"rendered":"BK FARMER \u010dlenok"},"content":{"rendered":"","protected":false},"excerpt":{"rendered":"<p>\u010clenkov\u00e1 obuv &#8222;farm\u00e1rka&#8220; s gumovou podr\u00e1\u017ekou rezistentn\u00e9 olejom a zvr\u0161kom z ko\u017ee, na ochranu proti minim\u00e1lnym rizik\u00e1m &#8211; be\u017en\u00fdm poveternostn\u00fdm vplyvom.<\/p>\n","protected":false},"featured_media":330863,"template":"","meta":{"_acf_changed":false,"inline_featured_image":false},"product_brand":[],"product_cat":[2157,2142],"product_tag":[1179],"class_list":{"0":"post-330861","1":"product","2":"type-product","3":"status-publish","4":"has-post-thumbnail","6":"product_cat-clenkova-obuv","7":"product_cat-obuv","8":"product_tag-cerva","9":"pa_farba-cierna","10":"pa_farba-bezova","11":"pa_velkost-3110","12":"pa_velkost-3121","13":"pa_velkost-3111","14":"pa_velkost-3112","15":"pa_velkost-3113","16":"pa_velkost-3114","17":"pa_velkost-3115","18":"pa_velkost-3116","19":"pa_velkost-3117","20":"pa_velkost-3118","21":"pa_velkost-3119","22":"pa_velkost-3109","23":"pa_velkost-3120","25":"first","26":"instock","27":"taxable","28":"shipping-taxable","29":"product-type-variable"},"acf":[],"_links":{"self":[{"href":"https:\/\/gajos.sk\/eshop\/wp-json\/wp\/v2\/product\/330861","targetHints":{"allow":["GET"]}}],"collection":[{"href":"https:\/\/gajos.sk\/eshop\/wp-json\/wp\/v2\/product"}],"about":[{"href":"https:\/\/gajos.sk\/eshop\/wp-json\/wp\/v2\/types\/product"}],"wp:featuredmedia":[{"embeddable":true,"href":"https:\/\/gajos.sk\/eshop\/wp-json\/wp\/v2\/media\/330863"}],"wp:attachment":[{"href":"https:\/\/gajos.sk\/eshop\/wp-json\/wp\/v2\/media?parent=330861"}],"wp:term":[{"taxonomy":"product_brand","embeddable":true,"href":"https:\/\/gajos.sk\/eshop\/wp-json\/wp\/v2\/product_brand?post=330861"},{"taxonomy":"product_cat","embeddable":true,"href":"https:\/\/gajos.sk\/eshop\/wp-json\/wp\/v2\/product_cat?post=330861"},{"taxonomy":"product_tag","embeddable":true,"href":"https:\/\/gajos.sk\/eshop\/wp-json\/wp\/v2\/product_tag?post=330861"}],"curies":[{"name":"wp","href":"https:\/\/api.w.org\/{rel}","templated":true}]}}