{"id":330846,"date":"2024-03-01T18:47:36","date_gmt":"2024-03-01T17:47:36","guid":{"rendered":"https:\/\/gajostest.a2hosted.com\/eshop\/alfa-o1-src-clenok\/"},"modified":"2026-04-11T17:47:29","modified_gmt":"2026-04-11T15:47:29","slug":"alfa-o1-src-clenok","status":"publish","type":"product","link":"https:\/\/gajos.sk\/eshop\/p\/alfa-o1-src-clenok\/","title":{"rendered":"ALFA O1 SRC \u010dlenok"},"content":{"rendered":"","protected":false},"excerpt":{"rendered":"<p>Pracovn\u00e1 \u010dlenkov\u00e1 obuv s antistatickou a proti\u0161mykovou PU\/PU podo\u0161vou rezistentnou vo\u010di pohonn\u00fdm hmot\u00e1m, absorpciou energie v p\u00e4te a zvr\u0161kom z priedu\u0161nej ko\u017ee.<\/p>\n","protected":false},"featured_media":330848,"template":"","meta":{"_acf_changed":false,"inline_featured_image":false},"product_brand":[],"product_cat":[2157,2142],"product_tag":[2207],"class_list":{"0":"post-330846","1":"product","2":"type-product","3":"status-publish","4":"has-post-thumbnail","6":"product_cat-clenkova-obuv","7":"product_cat-obuv","8":"product_tag-panda-safety","9":"pa_velkost-3112","10":"pa_velkost-3113","11":"pa_velkost-3114","12":"pa_velkost-3115","13":"pa_velkost-3116","14":"pa_velkost-3117","15":"pa_velkost-3118","16":"pa_velkost-3119","17":"pa_velkost-3109","18":"pa_velkost-3120","19":"pa_velkost-3110","20":"pa_velkost-3121","21":"pa_velkost-3111","23":"first","24":"instock","25":"taxable","26":"shipping-taxable","27":"product-type-variable"},"acf":[],"_links":{"self":[{"href":"https:\/\/gajos.sk\/eshop\/wp-json\/wp\/v2\/product\/330846","targetHints":{"allow":["GET"]}}],"collection":[{"href":"https:\/\/gajos.sk\/eshop\/wp-json\/wp\/v2\/product"}],"about":[{"href":"https:\/\/gajos.sk\/eshop\/wp-json\/wp\/v2\/types\/product"}],"wp:featuredmedia":[{"embeddable":true,"href":"https:\/\/gajos.sk\/eshop\/wp-json\/wp\/v2\/media\/330848"}],"wp:attachment":[{"href":"https:\/\/gajos.sk\/eshop\/wp-json\/wp\/v2\/media?parent=330846"}],"wp:term":[{"taxonomy":"product_brand","embeddable":true,"href":"https:\/\/gajos.sk\/eshop\/wp-json\/wp\/v2\/product_brand?post=330846"},{"taxonomy":"product_cat","embeddable":true,"href":"https:\/\/gajos.sk\/eshop\/wp-json\/wp\/v2\/product_cat?post=330846"},{"taxonomy":"product_tag","embeddable":true,"href":"https:\/\/gajos.sk\/eshop\/wp-json\/wp\/v2\/product_tag?post=330846"}],"curies":[{"name":"wp","href":"https:\/\/api.w.org\/{rel}","templated":true}]}}