{"id":330804,"date":"2024-03-01T18:47:22","date_gmt":"2024-03-01T17:47:22","guid":{"rendered":"https:\/\/gajostest.a2hosted.com\/eshop\/biburg-mf-esd-s3s-sr-poltop\/"},"modified":"2026-05-07T21:10:48","modified_gmt":"2026-05-07T19:10:48","slug":"biburg-mf-esd-s3s-sr-poltop","status":"publish","type":"product","link":"https:\/\/gajos.sk\/eshop\/p\/biburg-mf-esd-s3s-sr-poltop\/","title":{"rendered":"BIBURG MF ESD S3S SR poltop."},"content":{"rendered":"","protected":false},"excerpt":{"rendered":"<p>Bezpe\u010dnostn\u00e1 poltop\u00e1nka s tu\u017einkou zo sklenen\u00fdch vl\u00e1kien a kompozitnou stielkou proti prepichu triedy &#8222;S&#8220;. Dvojhustotn\u00e1 podo\u0161va z polyuret\u00e1nu zais\u0165uje vysok\u00fa mieru komfortu a z\u00e1rove\u0148 odolnosti. Zvr\u0161ok je vyroben\u00fd z inovat\u00edvneho materi\u00e1lu PUTEK, z trendu posledn\u00fdch rokov, ktor\u00fd sa vyzna\u010duje e\u0161te lep\u0161ou priedu\u0161nos\u0165ou, ne\u017e ko\u017ea, a z\u00e1rove\u0148 je ve\u013emi odoln\u00fd proti oteru a opotrebovaniu. V\u010faka materi\u00e1lu zvr\u0161ku a kompozitn\u00fdm bezpe\u010dnostn\u00fdm prvkom je BIBURG S3S skvelou vo\u013ebou pre v\u0161etk\u00fdch, ktor\u00ed h\u013eadaj\u00fa pohodln\u00fa, priedu\u0161n\u00fa a odoln\u00fa ochranu n\u00f4h. Poltop\u00e1nka BIBURG S3S je vhodn\u00e1 ako pre vonkaj\u0161ie pr\u00e1ce, tak aj pre \u201eindoorov\u00e9\u201c pr\u00e1ce, a v\u010faka ESD vlastnosti aj do podnikov, vyr\u00e1baj\u00facich elektronick\u00e9 s\u00fa\u010diastky.<\/p>\n","protected":false},"featured_media":330806,"template":"","meta":{"_acf_changed":false,"inline_featured_image":false},"product_brand":[],"product_cat":[2142,2158],"product_tag":[1179],"class_list":{"0":"post-330804","1":"product","2":"type-product","3":"status-publish","4":"has-post-thumbnail","6":"product_cat-obuv","7":"product_cat-poltopanky","8":"product_tag-cerva","9":"pa_farba-antracit","10":"pa_velkost-3110","11":"pa_velkost-3111","12":"pa_velkost-3112","13":"pa_velkost-3113","14":"pa_velkost-3114","15":"pa_velkost-3115","16":"pa_velkost-3116","17":"pa_velkost-3117","18":"pa_velkost-3118","19":"pa_velkost-3119","20":"pa_velkost-3109","21":"pa_velkost-3120","23":"first","24":"instock","25":"taxable","26":"shipping-taxable","27":"purchasable","28":"product-type-variable"},"acf":[],"_links":{"self":[{"href":"https:\/\/gajos.sk\/eshop\/wp-json\/wp\/v2\/product\/330804","targetHints":{"allow":["GET"]}}],"collection":[{"href":"https:\/\/gajos.sk\/eshop\/wp-json\/wp\/v2\/product"}],"about":[{"href":"https:\/\/gajos.sk\/eshop\/wp-json\/wp\/v2\/types\/product"}],"wp:featuredmedia":[{"embeddable":true,"href":"https:\/\/gajos.sk\/eshop\/wp-json\/wp\/v2\/media\/330806"}],"wp:attachment":[{"href":"https:\/\/gajos.sk\/eshop\/wp-json\/wp\/v2\/media?parent=330804"}],"wp:term":[{"taxonomy":"product_brand","embeddable":true,"href":"https:\/\/gajos.sk\/eshop\/wp-json\/wp\/v2\/product_brand?post=330804"},{"taxonomy":"product_cat","embeddable":true,"href":"https:\/\/gajos.sk\/eshop\/wp-json\/wp\/v2\/product_cat?post=330804"},{"taxonomy":"product_tag","embeddable":true,"href":"https:\/\/gajos.sk\/eshop\/wp-json\/wp\/v2\/product_tag?post=330804"}],"curies":[{"name":"wp","href":"https:\/\/api.w.org\/{rel}","templated":true}]}}