{"id":330715,"date":"2024-03-01T18:45:33","date_gmt":"2024-03-01T17:45:33","guid":{"rendered":"https:\/\/gajostest.a2hosted.com\/eshop\/falco-s3-poltopanka\/"},"modified":"2026-04-15T21:14:42","modified_gmt":"2026-04-15T19:14:42","slug":"falco-s3-poltopanka","status":"publish","type":"product","link":"https:\/\/gajos.sk\/eshop\/p\/falco-s3-poltopanka\/","title":{"rendered":"FALCO S3 poltop\u00e1nka"},"content":{"rendered":"","protected":false},"excerpt":{"rendered":"<p>Bezpe\u010dnostn\u00e9 poltop\u00e1nky S3 s oce\u013eovou tu\u017einkou a stielkou odolnou proti prepichnutiu, antistatickou a proti\u0161mykovou PU\/PU podr\u00e1\u017ekou rezistentn\u00e9 vo\u010di kyselin\u00e1m a olejom, absorpcia energie v p\u00e4te. Zvr\u0161ok tohto modelu je vyroben\u00fd z inovat\u00edvneho materi\u00e1lu PUTEK. Tento materi\u00e1l vynik\u00e1 svojou odolnos\u0165ou proti oderu, z\u00e1rove\u0148 je ale priedu\u0161n\u00fd a zachov\u00e1va si n\u00edzku hmotnos\u0165.<\/p>\n","protected":false},"featured_media":330717,"template":"","meta":{"_acf_changed":false,"inline_featured_image":false},"product_brand":[],"product_cat":[2142,2158],"product_tag":[2207],"class_list":{"0":"post-330715","1":"product","2":"type-product","3":"status-publish","4":"has-post-thumbnail","6":"product_cat-obuv","7":"product_cat-poltopanky","8":"product_tag-panda-safety","9":"pa_farba-siva","10":"pa_velkost-3119","11":"pa_velkost-3109","12":"pa_velkost-3120","13":"pa_velkost-3110","14":"pa_velkost-3121","15":"pa_velkost-3111","16":"pa_velkost-3112","17":"pa_velkost-3113","18":"pa_velkost-3114","19":"pa_velkost-3115","20":"pa_velkost-3116","21":"pa_velkost-3117","22":"pa_velkost-3118","24":"first","25":"instock","26":"taxable","27":"shipping-taxable","28":"purchasable","29":"product-type-variable"},"acf":[],"_links":{"self":[{"href":"https:\/\/gajos.sk\/eshop\/wp-json\/wp\/v2\/product\/330715","targetHints":{"allow":["GET"]}}],"collection":[{"href":"https:\/\/gajos.sk\/eshop\/wp-json\/wp\/v2\/product"}],"about":[{"href":"https:\/\/gajos.sk\/eshop\/wp-json\/wp\/v2\/types\/product"}],"wp:featuredmedia":[{"embeddable":true,"href":"https:\/\/gajos.sk\/eshop\/wp-json\/wp\/v2\/media\/330717"}],"wp:attachment":[{"href":"https:\/\/gajos.sk\/eshop\/wp-json\/wp\/v2\/media?parent=330715"}],"wp:term":[{"taxonomy":"product_brand","embeddable":true,"href":"https:\/\/gajos.sk\/eshop\/wp-json\/wp\/v2\/product_brand?post=330715"},{"taxonomy":"product_cat","embeddable":true,"href":"https:\/\/gajos.sk\/eshop\/wp-json\/wp\/v2\/product_cat?post=330715"},{"taxonomy":"product_tag","embeddable":true,"href":"https:\/\/gajos.sk\/eshop\/wp-json\/wp\/v2\/product_tag?post=330715"}],"curies":[{"name":"wp","href":"https:\/\/api.w.org\/{rel}","templated":true}]}}