{"id":330609,"date":"2024-03-01T18:43:30","date_gmt":"2024-03-01T17:43:30","guid":{"rendered":"https:\/\/gajostest.a2hosted.com\/eshop\/calpe-o1-src-poltopanka\/"},"modified":"2026-05-07T21:10:47","modified_gmt":"2026-05-07T19:10:47","slug":"calpe-o1-src-poltopanka","status":"publish","type":"product","link":"https:\/\/gajos.sk\/eshop\/p\/calpe-o1-src-poltopanka\/","title":{"rendered":"CALPE O1 SRC poltop\u00e1nka"},"content":{"rendered":"","protected":false},"excerpt":{"rendered":"<p>\u0160peci\u00e1lny typ obuvi s bez\u0161vov\u00fdm zvr\u0161kom a so \u0161n\u00farkami. Unik\u00e1tny materi\u00e1l D&apos;COVER DRY\u00ae je priedu\u0161n\u00fd a z\u00e1rove\u0148 odpudzuj\u00face tekutiny. Kon\u0161trukcia obuvi, vypchat\u00e1 textiln\u00e1 pod\u0161\u00edvka D&apos;DRY\u00ae a polstrovan\u00fd golier \u010dlenku s\u00fa tak navrhnut\u00e9, aby sa zabr\u00e1nilo tvorbe p\u013euzgierov. Obuv m\u00e1 rovn\u00fd tvar s gu\u013eatou \u0161pi\u010dkou a pevn\u00fa podporu p\u00e4ty. Vn\u00fatorn\u00e1 polstrovan\u00e1 l\u00e1tkov\u00e1 stielka je vyroben\u00e1 z tepelne tvarovanej polyuret\u00e1novej peny s antibakteri\u00e1lnou \u00fapravou a akt\u00edvnym uhl\u00edm. Podr\u00e1\u017eka na b\u00e1ze materi\u00e1lu EVA XL EXTRALIGHT\u00ae je ultra \u013eahk\u00e1, pohodln\u00e1, flexibiln\u00e1 a proti\u0161mykov\u00e1, s ploch\u00fdm dizajnom podlo\u017eky, lemovan\u00fdmi hranami a \u0161irok\u00fdmi dr\u00e1\u017ekami na u\u013eah\u010denie odvodu tekut\u00edn. Obuv je vhodn\u00e1 na pranie v pr\u00e1\u010dke do 40\u00ba. Perfektn\u00fd model pre zamestnancov segmentu HoReCa.<\/p>\n","protected":false},"featured_media":330611,"template":"","meta":{"_acf_changed":false,"inline_featured_image":false},"product_brand":[],"product_cat":[2142,2158],"product_tag":[3529],"class_list":{"0":"post-330609","1":"product","2":"type-product","3":"status-publish","4":"has-post-thumbnail","6":"product_cat-obuv","7":"product_cat-poltopanky","8":"product_tag-dian","9":"pa_farba-biela","10":"pa_farba-sv-modra","11":"pa_farba-navy","12":"pa_farba-tm-modra","13":"pa_farba-cierna","14":"pa_farba-siva","15":"pa_velkost-3118","16":"pa_velkost-3119","17":"pa_velkost-3109","18":"pa_velkost-3120","19":"pa_velkost-3110","20":"pa_velkost-3121","21":"pa_velkost-3111","22":"pa_velkost-3112","23":"pa_velkost-3125","24":"pa_velkost-3113","25":"pa_velkost-3114","26":"pa_velkost-3115","27":"pa_velkost-3116","28":"pa_velkost-3117","30":"first","31":"instock","32":"taxable","33":"shipping-taxable","34":"purchasable","35":"product-type-variable"},"acf":[],"_links":{"self":[{"href":"https:\/\/gajos.sk\/eshop\/wp-json\/wp\/v2\/product\/330609","targetHints":{"allow":["GET"]}}],"collection":[{"href":"https:\/\/gajos.sk\/eshop\/wp-json\/wp\/v2\/product"}],"about":[{"href":"https:\/\/gajos.sk\/eshop\/wp-json\/wp\/v2\/types\/product"}],"wp:featuredmedia":[{"embeddable":true,"href":"https:\/\/gajos.sk\/eshop\/wp-json\/wp\/v2\/media\/330611"}],"wp:attachment":[{"href":"https:\/\/gajos.sk\/eshop\/wp-json\/wp\/v2\/media?parent=330609"}],"wp:term":[{"taxonomy":"product_brand","embeddable":true,"href":"https:\/\/gajos.sk\/eshop\/wp-json\/wp\/v2\/product_brand?post=330609"},{"taxonomy":"product_cat","embeddable":true,"href":"https:\/\/gajos.sk\/eshop\/wp-json\/wp\/v2\/product_cat?post=330609"},{"taxonomy":"product_tag","embeddable":true,"href":"https:\/\/gajos.sk\/eshop\/wp-json\/wp\/v2\/product_tag?post=330609"}],"curies":[{"name":"wp","href":"https:\/\/api.w.org\/{rel}","templated":true}]}}