{"id":330564,"date":"2024-03-01T18:43:18","date_gmt":"2024-03-01T17:43:18","guid":{"rendered":"https:\/\/gajostest.a2hosted.com\/eshop\/lecce-mf-s1-esd-poltop\/"},"modified":"2026-04-15T21:14:42","modified_gmt":"2026-04-15T19:14:42","slug":"lecce-mf-s1-esd-poltop","status":"publish","type":"product","link":"https:\/\/gajos.sk\/eshop\/p\/lecce-mf-s1-esd-poltop\/","title":{"rendered":"LECCE MF S1 ESD poltop."},"content":{"rendered":"","protected":false},"excerpt":{"rendered":"<p>\u013dahk\u00e1 bezpe\u010dnostn\u00e1 poltop\u00e1nka v modernom, \u0161portovom dizajne. Zvr\u0161ok obuvi je vyroben\u00fd z priedu\u0161n\u00e9ho textilu a vn\u00fatorn\u00e1 pod\u0161\u00edvka z priedu\u0161n\u00e9ho materi\u00e1lu Airnet mesh s technol\u00f3giou mikrokan\u00e1likov, ktor\u00e1 zais\u0165uje vysok\u00fa transportn\u00fa funk\u010dnos\u0165. Proti\u0161mykov\u00e1, \u013eahk\u00e1 podo\u0161va odoln\u00e1 olejom je vyroben\u00e1 z dvojhustotn\u00e9ho polyuret\u00e1nu a zais\u0165uje maxim\u00e1lnu istotu pri ka\u017edom kroku. V\u010faka kompozitnej tu\u017einke obuv sp\u013a\u0148a po\u017eiadavky normy EN ISO 20345:2011 \u010do znamen\u00e1, \u017ee chodidl\u00e1 s\u00fa chr\u00e1nen\u00e9 pred stla\u010den\u00edm silou do 15 kN alebo p\u00e1dom bremen\u00e1 s v\u00e4zbou do 20 kg z v\u00fd\u0161ky 1 m. Obuv neobsahuje kovov\u00e9 s\u00fa\u010dasti a je vybaven\u00e1 funkciou ESD. Preto je to ide\u00e1lny model pre vn\u00fatorn\u00e9 priestory a citliv\u00e9 prostredie, kde je potrebn\u00e9 zabr\u00e1ni\u0165 vzniku iskier z elektrostatick\u00e9ho v\u00fdboja alebo pre priestory vybaven\u00e9 bezpe\u010dnostn\u00fdm r\u00e1mom. V\u010faka modern\u00fdm materi\u00e1lom pou\u017eit\u00fdm na v\u00fdrobu tohto modelu nepresahuje celkov\u00e1 v\u00e1ha obuvi 410 g (polp\u00e1r rozmer 42). Model je v\u00fdroben\u00fd z certifikovan\u00fdch komponentov najvy\u0161\u0161ej kvality a 100% talianskym v\u00fdrobcom bezpe\u010dnostnej a pracovnej obuvi s viac ako 40 rokmi sk\u00fasenost\u00ed v obore.<\/p>\n","protected":false},"featured_media":330566,"template":"","meta":{"_acf_changed":false,"inline_featured_image":false},"product_brand":[],"product_cat":[2142,2158],"product_tag":[2207],"class_list":{"0":"post-330564","1":"product","2":"type-product","3":"status-publish","4":"has-post-thumbnail","6":"product_cat-obuv","7":"product_cat-poltopanky","8":"product_tag-panda-safety","9":"pa_farba-cervena-cierna","10":"pa_velkost-3118","11":"pa_velkost-3119","12":"pa_velkost-3109","13":"pa_velkost-3120","14":"pa_velkost-3110","15":"pa_velkost-3121","16":"pa_velkost-3111","17":"pa_velkost-3112","18":"pa_velkost-3113","19":"pa_velkost-3114","20":"pa_velkost-3115","21":"pa_velkost-3116","22":"pa_velkost-3117","24":"first","25":"instock","26":"taxable","27":"shipping-taxable","28":"purchasable","29":"product-type-variable"},"acf":[],"_links":{"self":[{"href":"https:\/\/gajos.sk\/eshop\/wp-json\/wp\/v2\/product\/330564","targetHints":{"allow":["GET"]}}],"collection":[{"href":"https:\/\/gajos.sk\/eshop\/wp-json\/wp\/v2\/product"}],"about":[{"href":"https:\/\/gajos.sk\/eshop\/wp-json\/wp\/v2\/types\/product"}],"wp:featuredmedia":[{"embeddable":true,"href":"https:\/\/gajos.sk\/eshop\/wp-json\/wp\/v2\/media\/330566"}],"wp:attachment":[{"href":"https:\/\/gajos.sk\/eshop\/wp-json\/wp\/v2\/media?parent=330564"}],"wp:term":[{"taxonomy":"product_brand","embeddable":true,"href":"https:\/\/gajos.sk\/eshop\/wp-json\/wp\/v2\/product_brand?post=330564"},{"taxonomy":"product_cat","embeddable":true,"href":"https:\/\/gajos.sk\/eshop\/wp-json\/wp\/v2\/product_cat?post=330564"},{"taxonomy":"product_tag","embeddable":true,"href":"https:\/\/gajos.sk\/eshop\/wp-json\/wp\/v2\/product_tag?post=330564"}],"curies":[{"name":"wp","href":"https:\/\/api.w.org\/{rel}","templated":true}]}}