{"id":330549,"date":"2024-03-01T18:43:14","date_gmt":"2024-03-01T17:43:14","guid":{"rendered":"https:\/\/gajostest.a2hosted.com\/eshop\/poseidon-mf-s3-src-poltopanka\/"},"modified":"2026-04-15T21:14:42","modified_gmt":"2026-04-15T19:14:42","slug":"poseidon-mf-s3-src-poltopanka","status":"publish","type":"product","link":"https:\/\/gajos.sk\/eshop\/p\/poseidon-mf-s3-src-poltopanka\/","title":{"rendered":"POSEIDON MF S3 SRC poltop\u00e1nka"},"content":{"rendered":"","protected":false},"excerpt":{"rendered":"<p>Bezpe\u010dnostn\u00e9 poltop\u00e1nky v modernom designe. Podo\u0161va z dvouhustotn\u00e9ho polyuret\u00e1nu zais\u0165uje odolnos\u0165 a vy\u0161\u0161ej \u00farovene komfortu. Ten z\u00e1rove\u0148 zvy\u0161uje aj stielka SOFT GEL, v\u010faka ktorej top\u00e1nky e\u0161te lep\u0161ie sedia na noh\u00e1ch.<br \/>\nZvr\u0161ok je vyroben\u00fd z inovat\u00edvneho materi\u00e1lu PUTEK, ktor\u00fd poskytuje vysok\u00fa mieru ochrany proti opotrebeniu, ale z\u00e1rove\u0148 je \u013eahk\u00fd a pru\u017en\u00fd. Tie\u017e kombinuje priedu\u0161nos\u0165 s nepromokavos\u0165ou.<br \/>\nBezpe\u010dnostn\u00e9 prvky z kompozitn\u00fdch materi\u00e1lov zaru\u010dia \u013eahkos\u0165 top\u00e1nok a umo\u017enia ich pou\u017eitie v prostrediach, ktor\u00e9 vy\u017eaduj\u00fa kompletn\u00fa v\u00fdbavu z nekovov\u00fdch materi\u00e1lov.<br \/>\nV\u010faka \u0161peci\u00e1lnej pod\u0161\u00edvke SANITIZED MESH a vlo\u017eke SANITIZED INSOLE s antibakteri\u00e1lnou a antimikrobi\u00e1lnou \u00fapravou, ktor\u00e9 zabra\u0148uj\u00fa \u0161\u00edreniu mikroorganizmov, je tento model vhodn\u00fd do prostredia so zv\u00fd\u0161en\u00fdmi n\u00e1rokmi na hygienick\u00e9 \u0161tandardy.<\/p>\n","protected":false},"featured_media":330551,"template":"","meta":{"_acf_changed":false,"inline_featured_image":false},"product_brand":[],"product_cat":[2142,2158],"product_tag":[2207],"class_list":{"0":"post-330549","1":"product","2":"type-product","3":"status-publish","4":"has-post-thumbnail","6":"product_cat-obuv","7":"product_cat-poltopanky","8":"product_tag-panda-safety","9":"pa_farba-siva","10":"pa_velkost-3117","11":"pa_velkost-3118","12":"pa_velkost-3119","13":"pa_velkost-3109","14":"pa_velkost-3120","15":"pa_velkost-3110","16":"pa_velkost-3121","17":"pa_velkost-3111","18":"pa_velkost-3112","19":"pa_velkost-3113","20":"pa_velkost-3114","21":"pa_velkost-3115","22":"pa_velkost-3116","24":"first","25":"instock","26":"taxable","27":"shipping-taxable","28":"purchasable","29":"product-type-variable"},"acf":[],"_links":{"self":[{"href":"https:\/\/gajos.sk\/eshop\/wp-json\/wp\/v2\/product\/330549","targetHints":{"allow":["GET"]}}],"collection":[{"href":"https:\/\/gajos.sk\/eshop\/wp-json\/wp\/v2\/product"}],"about":[{"href":"https:\/\/gajos.sk\/eshop\/wp-json\/wp\/v2\/types\/product"}],"wp:featuredmedia":[{"embeddable":true,"href":"https:\/\/gajos.sk\/eshop\/wp-json\/wp\/v2\/media\/330551"}],"wp:attachment":[{"href":"https:\/\/gajos.sk\/eshop\/wp-json\/wp\/v2\/media?parent=330549"}],"wp:term":[{"taxonomy":"product_brand","embeddable":true,"href":"https:\/\/gajos.sk\/eshop\/wp-json\/wp\/v2\/product_brand?post=330549"},{"taxonomy":"product_cat","embeddable":true,"href":"https:\/\/gajos.sk\/eshop\/wp-json\/wp\/v2\/product_cat?post=330549"},{"taxonomy":"product_tag","embeddable":true,"href":"https:\/\/gajos.sk\/eshop\/wp-json\/wp\/v2\/product_tag?post=330549"}],"curies":[{"name":"wp","href":"https:\/\/api.w.org\/{rel}","templated":true}]}}