{"id":330534,"date":"2024-03-01T18:43:10","date_gmt":"2024-03-01T17:43:10","guid":{"rendered":"https:\/\/gajostest.a2hosted.com\/eshop\/roma-mf-s3-src-poltopanka\/"},"modified":"2026-04-15T21:14:42","modified_gmt":"2026-04-15T19:14:42","slug":"roma-mf-s3-src-poltopanka","status":"publish","type":"product","link":"https:\/\/gajos.sk\/eshop\/p\/roma-mf-s3-src-poltopanka\/","title":{"rendered":"ROMA MF S3 SRC poltop\u00e1nka"},"content":{"rendered":"","protected":false},"excerpt":{"rendered":"<p>Klasick\u00e1 bezpe\u010dnostn\u00e1 obuv s kompozitnou \u0161pi\u010dkou, ktor\u00e1 chr\u00e1ni pred stla\u010den\u00edm silou do 15 kN alebo p\u00e1dom bremena s hmotnos\u0165ou do 20 kg z v\u00fd\u0161ky 1 m. Antistatick\u00e1 a \u013eahk\u00e1 podr\u00e1\u017eka vyroben\u00e1 z polyuret\u00e1nu s dvoma hustotami zaru\u010duje nielen pohodlie, ale aj bezpe\u010dnos\u0165 v\u010faka proti\u0161mykov\u00fdm vlastnostiam podr\u00e1\u017eky, ktor\u00e1 je tie\u017e odoln\u00e1 vo\u010di olejom a oderu. Nohy s\u00fa chr\u00e1nen\u00e9 aj odspodu v\u010faka kompozitnej stielke proti prepichnutiu. Zvr\u0161ok top\u00e1nky je vyroben\u00fd z pr\u00edrodnej ko\u017ee BARTON a vn\u00fatorn\u00e1 pod\u0161\u00edvka je vyroben\u00e1 z priedu\u0161n\u00e9ho sie\u0165oviny Airnet s mikrokan\u00e1lovou technol\u00f3giou, ktor\u00e1 zais\u0165uje vysok\u00fa funk\u010dnos\u0165 transportu. Top\u00e1nky neobsahuj\u00fa kovov\u00e9 \u010dasti. V\u010faka modern\u00fdm materi\u00e1lom pou\u017eit\u00fdm pri v\u00fdrobe tohto modelu celkov\u00e1 hmotnos\u0165 top\u00e1nok nepresahuje 490 g (rozmer polovi\u010dn\u00e9ho p\u00e1ru 42). Model je vyroben\u00fd z certifikovan\u00fdch komponentov najvy\u0161\u0161ej kvality a 100% talianskeho v\u00fdrobcu bezpe\u010dnostnej a pracovnej obuvi s viac ako 40 ro\u010dn\u00fdmi sk\u00fasenos\u0165ami v odbore.<\/p>\n","protected":false},"featured_media":330536,"template":"","meta":{"_acf_changed":false,"inline_featured_image":false},"product_brand":[],"product_cat":[2142,2158],"product_tag":[2207],"class_list":{"0":"post-330534","1":"product","2":"type-product","3":"status-publish","4":"has-post-thumbnail","6":"product_cat-obuv","7":"product_cat-poltopanky","8":"product_tag-panda-safety","9":"pa_farba-cierna","10":"pa_velkost-3109","11":"pa_velkost-3120","12":"pa_velkost-3110","13":"pa_velkost-3121","14":"pa_velkost-3111","15":"pa_velkost-3112","16":"pa_velkost-3113","17":"pa_velkost-3114","18":"pa_velkost-3115","19":"pa_velkost-3116","20":"pa_velkost-3117","21":"pa_velkost-3118","22":"pa_velkost-3119","24":"first","25":"instock","26":"taxable","27":"shipping-taxable","28":"purchasable","29":"product-type-variable"},"acf":[],"_links":{"self":[{"href":"https:\/\/gajos.sk\/eshop\/wp-json\/wp\/v2\/product\/330534","targetHints":{"allow":["GET"]}}],"collection":[{"href":"https:\/\/gajos.sk\/eshop\/wp-json\/wp\/v2\/product"}],"about":[{"href":"https:\/\/gajos.sk\/eshop\/wp-json\/wp\/v2\/types\/product"}],"wp:featuredmedia":[{"embeddable":true,"href":"https:\/\/gajos.sk\/eshop\/wp-json\/wp\/v2\/media\/330536"}],"wp:attachment":[{"href":"https:\/\/gajos.sk\/eshop\/wp-json\/wp\/v2\/media?parent=330534"}],"wp:term":[{"taxonomy":"product_brand","embeddable":true,"href":"https:\/\/gajos.sk\/eshop\/wp-json\/wp\/v2\/product_brand?post=330534"},{"taxonomy":"product_cat","embeddable":true,"href":"https:\/\/gajos.sk\/eshop\/wp-json\/wp\/v2\/product_cat?post=330534"},{"taxonomy":"product_tag","embeddable":true,"href":"https:\/\/gajos.sk\/eshop\/wp-json\/wp\/v2\/product_tag?post=330534"}],"curies":[{"name":"wp","href":"https:\/\/api.w.org\/{rel}","templated":true}]}}