{"id":330461,"date":"2024-03-01T18:41:33","date_gmt":"2024-03-01T17:41:33","guid":{"rendered":"https:\/\/gajostest.a2hosted.com\/eshop\/ultra-strada-mf-s3-src-poltopanka\/"},"modified":"2026-04-15T21:14:42","modified_gmt":"2026-04-15T19:14:42","slug":"ultra-strada-mf-s3-src-poltopanka","status":"publish","type":"product","link":"https:\/\/gajos.sk\/eshop\/p\/ultra-strada-mf-s3-src-poltopanka\/","title":{"rendered":"ULTRA STRADA MF S3 SRC poltop\u00e1nka"},"content":{"rendered":"","protected":false},"excerpt":{"rendered":"<p>Kolekcia STRONG ULTRA je zn\u00e1mym modelom v kateg\u00f3rii Strong, ale vyroben\u00e1 z najlep\u0161\u00edch komponentov a materi\u00e1lov. ULTRA STRADA je bezpe\u010dnostn\u00e1 obuv s kompozitnou \u0161pi\u010dkou, ktor\u00e1 chr\u00e1ni pred stla\u010den\u00edm silou do 15 kN alebo p\u00e1dom bremena v\u00e1\u017eiaceho do 20 kg z v\u00fd\u0161ky 1 m.Antistatick\u00e1 a \u013eahk\u00e1 podr\u00e1\u017eka vyroben\u00e1 z polyuret\u00e1nu s dvoma hustotami zaru\u010duje nielen pohodlie, ale aj bezpe\u010dnos\u0165 v\u010faka proti\u0161mykov\u00fdm vlastnostiam podr\u00e1\u017eky, ktor\u00e1 je tie\u017e odoln\u00e1 vo\u010di olejom a oderu. Nohy s\u00fa chr\u00e1nen\u00e9 aj odspodu v\u010faka kompozitnej stielke proti prepichnutiu. Zvr\u0161ok top\u00e1nky je vyroben\u00fd z pr\u00edrodnej celotv\u00e1rovej vodoodpudivej ko\u017ee Ramon a vn\u00fatorn\u00e1 pod\u0161\u00edvka je vyroben\u00e1 z priedu\u0161n\u00e9ho sie\u0165ovan\u00e9ho materi\u00e1lu Airnet s mikrokan\u00e1lovou technol\u00f3giou pre vysok\u00fa funk\u010dnos\u0165 odv\u00e1dzania potu. Top\u00e1nky neobsahuj\u00fa kovov\u00e9 \u010dasti. Model je vyroben\u00fd z certifikovan\u00fdch komponentov najvy\u0161\u0161ej kvality a 100% talianskeho v\u00fdrobcu bezpe\u010dnostnej a pracovnej obuvi s viac ako 40 ro\u010dn\u00fdmi sk\u00fasenos\u0165ami v odbore.<\/p>\n","protected":false},"featured_media":330463,"template":"","meta":{"_acf_changed":false,"inline_featured_image":false},"product_brand":[],"product_cat":[2142,2158],"product_tag":[2207],"class_list":{"0":"post-330461","1":"product","2":"type-product","3":"status-publish","4":"has-post-thumbnail","6":"product_cat-obuv","7":"product_cat-poltopanky","8":"product_tag-panda-safety","9":"pa_farba-cierna","10":"pa_velkost-3117","11":"pa_velkost-3118","12":"pa_velkost-3121","13":"pa_velkost-3109","14":"pa_velkost-3110","15":"pa_velkost-3111","16":"pa_velkost-3112","17":"pa_velkost-3113","18":"pa_velkost-3114","19":"pa_velkost-3115","20":"pa_velkost-3116","22":"first","23":"instock","24":"taxable","25":"shipping-taxable","26":"purchasable","27":"product-type-variable"},"acf":[],"_links":{"self":[{"href":"https:\/\/gajos.sk\/eshop\/wp-json\/wp\/v2\/product\/330461","targetHints":{"allow":["GET"]}}],"collection":[{"href":"https:\/\/gajos.sk\/eshop\/wp-json\/wp\/v2\/product"}],"about":[{"href":"https:\/\/gajos.sk\/eshop\/wp-json\/wp\/v2\/types\/product"}],"wp:featuredmedia":[{"embeddable":true,"href":"https:\/\/gajos.sk\/eshop\/wp-json\/wp\/v2\/media\/330463"}],"wp:attachment":[{"href":"https:\/\/gajos.sk\/eshop\/wp-json\/wp\/v2\/media?parent=330461"}],"wp:term":[{"taxonomy":"product_brand","embeddable":true,"href":"https:\/\/gajos.sk\/eshop\/wp-json\/wp\/v2\/product_brand?post=330461"},{"taxonomy":"product_cat","embeddable":true,"href":"https:\/\/gajos.sk\/eshop\/wp-json\/wp\/v2\/product_cat?post=330461"},{"taxonomy":"product_tag","embeddable":true,"href":"https:\/\/gajos.sk\/eshop\/wp-json\/wp\/v2\/product_tag?post=330461"}],"curies":[{"name":"wp","href":"https:\/\/api.w.org\/{rel}","templated":true}]}}