{"id":330446,"date":"2024-03-01T18:41:29","date_gmt":"2024-03-01T17:41:29","guid":{"rendered":"https:\/\/gajostest.a2hosted.com\/eshop\/beta-neos-o1-src-poltop\/"},"modified":"2026-04-15T21:14:42","modified_gmt":"2026-04-15T19:14:42","slug":"beta-neos-o1-src-poltop","status":"publish","type":"product","link":"https:\/\/gajos.sk\/eshop\/p\/beta-neos-o1-src-poltop\/","title":{"rendered":"BETA NEOS O1 SRC poltop."},"content":{"rendered":"","protected":false},"excerpt":{"rendered":"<p>Pracovn\u00e1 poltop\u00e1nka bez vystu\u017eenej \u0161pice . Antistatick\u00e1 podo\u0161va vyroben\u00e1 z dvojhustotn\u00e9ho polyuret\u00e1nu garantuje nielen komfort, ale aj bezpe\u010die v\u010faka proti\u0161mykov\u00fdm vlastnostiam podr\u00e1\u017eky, ktor\u00e1 je navy\u0161e rezistentn\u00e1 olejom a oderu. Zvr\u0161ok obuvi je vyroben\u00fd z pr\u00edrodnej ko\u017ee Barton a vn\u00fatorn\u00e1 pod\u0161\u00edvka z priedu\u0161n\u00e9ho materi\u00e1lu Airnet Mesh. Tento model patr\u00ed do kolekcie Basic Neos.<\/p>\n","protected":false},"featured_media":330448,"template":"","meta":{"_acf_changed":false,"inline_featured_image":false},"product_brand":[],"product_cat":[2142,2158],"product_tag":[2207],"class_list":{"0":"post-330446","1":"product","2":"type-product","3":"status-publish","4":"has-post-thumbnail","6":"product_cat-obuv","7":"product_cat-poltopanky","8":"product_tag-panda-safety","9":"pa_farba-cierna","10":"pa_velkost-3111","11":"pa_velkost-3123","12":"pa_velkost-3112","13":"pa_velkost-3124","14":"pa_velkost-3113","15":"pa_velkost-3125","16":"pa_velkost-3114","17":"pa_velkost-3115","18":"pa_velkost-3116","19":"pa_velkost-3117","20":"pa_velkost-3118","21":"pa_velkost-3119","22":"pa_velkost-3109","23":"pa_velkost-3120","24":"pa_velkost-3110","25":"pa_velkost-3121","27":"first","28":"instock","29":"taxable","30":"shipping-taxable","31":"purchasable","32":"product-type-variable"},"acf":[],"_links":{"self":[{"href":"https:\/\/gajos.sk\/eshop\/wp-json\/wp\/v2\/product\/330446","targetHints":{"allow":["GET"]}}],"collection":[{"href":"https:\/\/gajos.sk\/eshop\/wp-json\/wp\/v2\/product"}],"about":[{"href":"https:\/\/gajos.sk\/eshop\/wp-json\/wp\/v2\/types\/product"}],"wp:featuredmedia":[{"embeddable":true,"href":"https:\/\/gajos.sk\/eshop\/wp-json\/wp\/v2\/media\/330448"}],"wp:attachment":[{"href":"https:\/\/gajos.sk\/eshop\/wp-json\/wp\/v2\/media?parent=330446"}],"wp:term":[{"taxonomy":"product_brand","embeddable":true,"href":"https:\/\/gajos.sk\/eshop\/wp-json\/wp\/v2\/product_brand?post=330446"},{"taxonomy":"product_cat","embeddable":true,"href":"https:\/\/gajos.sk\/eshop\/wp-json\/wp\/v2\/product_cat?post=330446"},{"taxonomy":"product_tag","embeddable":true,"href":"https:\/\/gajos.sk\/eshop\/wp-json\/wp\/v2\/product_tag?post=330446"}],"curies":[{"name":"wp","href":"https:\/\/api.w.org\/{rel}","templated":true}]}}