{"id":330385,"date":"2024-03-01T18:41:07","date_gmt":"2024-03-01T17:41:07","guid":{"rendered":"https:\/\/gajostest.a2hosted.com\/eshop\/hobbscarp-o1-src-poltopanka\/"},"modified":"2026-05-07T21:08:36","modified_gmt":"2026-05-07T19:08:36","slug":"hobbscarp-o1-src-poltopanka","status":"publish","type":"product","link":"https:\/\/gajos.sk\/eshop\/p\/hobbscarp-o1-src-poltopanka\/","title":{"rendered":"HOBBSCARP O1 SRC poltop\u00e1nka"},"content":{"rendered":"","protected":false},"excerpt":{"rendered":"<p>\u013dahk\u00e1 pracovn\u00e1 poltop\u00e1nka v modernom, \u0161portovom dizajne. Zvr\u0161ok obuvi je vyroben\u00fd z priedu\u0161n\u00e9ho textilu. Proti\u0161mykov\u00e1 podo\u0161va odoln\u00e1 olejom je vyroben\u00e1 z dvojhustotn\u00e9ho polyuret\u00e1nu a zais\u0165uje maxim\u00e1lnu istotu pri ka\u017edom kroku. Navy\u0161e je obuv vybaven\u00e1 komfortnou vn\u00fatornou stielkou, ktor\u00e1 garantuje pohodlie po\u010das ch\u00f4dze. Absorpcia energie v oblasti p\u00e4ty tlm\u00ed n\u00e1razy a obmedzuje pocit \u00fanavy n\u00f4h. Obuv neobsahuje kovov\u00e9 s\u00fa\u010dasti a preto je to ide\u00e1lny model pre interi\u00e9r alebo pre priestory vybaven\u00e9 bezpe\u010dnostn\u00fdm r\u00e1mom. V\u010faka modern\u00fdm materi\u00e1lom pou\u017eit\u00fdm na v\u00fdrobu tohto modelu nepresahuje celkov\u00e1 v\u00e1ha obuvi 410 g (polp\u00e1r rozmer 42). Minimalisticky dizajn a modern\u00e1 farebn\u00e1 kombin\u00e1cia sa bud\u00fa skvele hodi\u0165 k v\u00e4\u010d\u0161ine kolekci\u00ed pracovn\u00fdch odevov Cerva.<\/p>\n","protected":false},"featured_media":330387,"template":"","meta":{"_acf_changed":false,"inline_featured_image":false},"product_brand":[],"product_cat":[2142,2158],"product_tag":[1179],"class_list":{"0":"post-330385","1":"product","2":"type-product","3":"status-publish","4":"has-post-thumbnail","6":"product_cat-obuv","7":"product_cat-poltopanky","8":"product_tag-cerva","9":"pa_farba-siva","10":"pa_velkost-3125","11":"pa_velkost-3113","12":"pa_velkost-3114","13":"pa_velkost-3115","14":"pa_velkost-3116","15":"pa_velkost-3117","16":"pa_velkost-3118","17":"pa_velkost-3119","18":"pa_velkost-3109","19":"pa_velkost-3120","20":"pa_velkost-3110","21":"pa_velkost-3121","22":"pa_velkost-3111","23":"pa_velkost-3124","24":"pa_velkost-3112","26":"first","27":"instock","28":"taxable","29":"shipping-taxable","30":"purchasable","31":"product-type-variable"},"acf":[],"_links":{"self":[{"href":"https:\/\/gajos.sk\/eshop\/wp-json\/wp\/v2\/product\/330385","targetHints":{"allow":["GET"]}}],"collection":[{"href":"https:\/\/gajos.sk\/eshop\/wp-json\/wp\/v2\/product"}],"about":[{"href":"https:\/\/gajos.sk\/eshop\/wp-json\/wp\/v2\/types\/product"}],"wp:featuredmedia":[{"embeddable":true,"href":"https:\/\/gajos.sk\/eshop\/wp-json\/wp\/v2\/media\/330387"}],"wp:attachment":[{"href":"https:\/\/gajos.sk\/eshop\/wp-json\/wp\/v2\/media?parent=330385"}],"wp:term":[{"taxonomy":"product_brand","embeddable":true,"href":"https:\/\/gajos.sk\/eshop\/wp-json\/wp\/v2\/product_brand?post=330385"},{"taxonomy":"product_cat","embeddable":true,"href":"https:\/\/gajos.sk\/eshop\/wp-json\/wp\/v2\/product_cat?post=330385"},{"taxonomy":"product_tag","embeddable":true,"href":"https:\/\/gajos.sk\/eshop\/wp-json\/wp\/v2\/product_tag?post=330385"}],"curies":[{"name":"wp","href":"https:\/\/api.w.org\/{rel}","templated":true}]}}