{"id":330322,"date":"2024-03-01T18:39:53","date_gmt":"2024-03-01T17:39:53","guid":{"rendered":"https:\/\/gajostest.a2hosted.com\/eshop\/beeford-o1-esd-src-poltopanka\/"},"modified":"2026-05-07T21:08:36","modified_gmt":"2026-05-07T19:08:36","slug":"beeford-o1-esd-src-poltopanka","status":"publish","type":"product","link":"https:\/\/gajos.sk\/eshop\/p\/beeford-o1-esd-src-poltopanka\/","title":{"rendered":"BEEFORD O1 ESD SRC poltop\u00e1nka"},"content":{"rendered":"","protected":false},"excerpt":{"rendered":"<p>\u013dahk\u00e1 pracovn\u00e1 obuv v modernom, \u0161portovom dizajne. Zvr\u0161ok top\u00e1nky je vyroben\u00fd z priedu\u0161nej text\u00edlie. Olejuvzdorn\u00e1 proti\u0161mykov\u00e1 podr\u00e1\u017eka je vyroben\u00e1 z polyuret\u00e1nu s dvoma hustotami a zais\u0165uje maxim\u00e1lnu istotu pri ka\u017edom kroku. Okrem toho s\u00fa top\u00e1nky vybaven\u00e9 pohodlnou vn\u00fatornou stielkou, ktor\u00e1 zaru\u010duje pohodlie pri ch\u00f4dzi. Absorpcia energie v oblasti p\u00e4ty absorbuje n\u00e1razy a zni\u017euje pocit \u00fanavy v noh\u00e1ch. Top\u00e1nky neobsahuj\u00fa kovov\u00e9 \u010dasti a s\u00fa vybaven\u00e9 funkciou ESD.V\u010faka tomu je ide\u00e1lnym modelom pre vn\u00fatorn\u00e9 priestory a citliv\u00e9 prostredia, kde je potrebn\u00e9 vyhn\u00fa\u0165 sa iskr\u00e1m z elektrostatick\u00e9ho v\u00fdboja, alebo do priestorov vybaven\u00fdch bezpe\u010dnostn\u00fdm r\u00e1mom. V\u010faka modern\u00fdm materi\u00e1lom pou\u017eit\u00fdm pri v\u00fdrobe tohto modelu celkov\u00e1 hmotnos\u0165 top\u00e1nok nepresahuje 410 g (rozmer polovi\u010dn\u00e9ho p\u00e1ru 42). Minimalistick\u00fd dizajn a modern\u00e9 farby sa bud\u00fa skvele hodi\u0165 k v\u00e4\u010d\u0161ine kolekci\u00ed pracovn\u00fdch odevov Cerva.<\/p>\n","protected":false},"featured_media":330324,"template":"","meta":{"_acf_changed":false,"inline_featured_image":false},"product_brand":[],"product_cat":[2142,2158],"product_tag":[1179],"class_list":{"0":"post-330322","1":"product","2":"type-product","3":"status-publish","4":"has-post-thumbnail","6":"product_cat-obuv","7":"product_cat-poltopanky","8":"product_tag-cerva","9":"pa_farba-siva","10":"pa_velkost-3121","11":"pa_velkost-3111","12":"pa_velkost-3123","13":"pa_velkost-3112","14":"pa_velkost-3124","15":"pa_velkost-3113","16":"pa_velkost-3125","17":"pa_velkost-3114","18":"pa_velkost-3115","19":"pa_velkost-3116","20":"pa_velkost-3117","21":"pa_velkost-3118","22":"pa_velkost-3119","23":"pa_velkost-3109","24":"pa_velkost-3120","25":"pa_velkost-3110","27":"first","28":"instock","29":"taxable","30":"shipping-taxable","31":"purchasable","32":"product-type-variable"},"acf":[],"_links":{"self":[{"href":"https:\/\/gajos.sk\/eshop\/wp-json\/wp\/v2\/product\/330322","targetHints":{"allow":["GET"]}}],"collection":[{"href":"https:\/\/gajos.sk\/eshop\/wp-json\/wp\/v2\/product"}],"about":[{"href":"https:\/\/gajos.sk\/eshop\/wp-json\/wp\/v2\/types\/product"}],"wp:featuredmedia":[{"embeddable":true,"href":"https:\/\/gajos.sk\/eshop\/wp-json\/wp\/v2\/media\/330324"}],"wp:attachment":[{"href":"https:\/\/gajos.sk\/eshop\/wp-json\/wp\/v2\/media?parent=330322"}],"wp:term":[{"taxonomy":"product_brand","embeddable":true,"href":"https:\/\/gajos.sk\/eshop\/wp-json\/wp\/v2\/product_brand?post=330322"},{"taxonomy":"product_cat","embeddable":true,"href":"https:\/\/gajos.sk\/eshop\/wp-json\/wp\/v2\/product_cat?post=330322"},{"taxonomy":"product_tag","embeddable":true,"href":"https:\/\/gajos.sk\/eshop\/wp-json\/wp\/v2\/product_tag?post=330322"}],"curies":[{"name":"wp","href":"https:\/\/api.w.org\/{rel}","templated":true}]}}