{"id":330292,"date":"2024-03-01T18:39:46","date_gmt":"2024-03-01T17:39:46","guid":{"rendered":"https:\/\/gajostest.a2hosted.com\/eshop\/super-set-grey-esd-s1p-src-poltopanka\/"},"modified":"2026-04-25T21:12:47","modified_gmt":"2026-04-25T19:12:47","slug":"super-set-grey-esd-s1p-src-poltopanka","status":"publish","type":"product","link":"https:\/\/gajos.sk\/eshop\/p\/super-set-grey-esd-s1p-src-poltopanka\/","title":{"rendered":"SUPER SET GREY ESD S1P SRC poltop\u00e1nka"},"content":{"rendered":"","protected":false},"excerpt":{"rendered":"<p>\u0160pi\u010dkov\u00fd bezpe\u010dnostn\u00fd model od portugalsk\u00e9ho v\u00fdrobcu, spolo\u010dnosti TO WORK FOR. Boty s\u00fa extr\u00e9mne priedu\u0161n\u00e9 a pru\u017en\u00e9 v\u010faka materi\u00e1lom a komponentom pou\u017eit\u00fdm vo v\u00fdrobnom procese. Zvr\u0161ok je vyroben\u00fd z priedu\u0161nej sie\u0165oviny 3D AIR FLOW a potiahnut\u00fd tenkou vrstvou TPU, ktor\u00e1 chr\u00e1ni oblas\u0165 \u0161pi\u010dky. Hlin\u00edkov\u00e1 \u0161pica chr\u00e1ni pred n\u00e1razom 200 joulov, \u010do zodpoved\u00e1 za\u0165a\u017eeniu 20 kg padaj\u00facemu z v\u00fd\u0161ky jedn\u00e9ho metra, a proti rozdrteniu silou 1500 kg. Hlin\u00edkov\u00e1 \u0161pica je ve\u013emi \u013eahk\u00e1, tenk\u00e1, nekoroduje a nie je elektricky vodiv\u00e1. Nekovov\u00e1 medzipodo\u0161va s nulovou perfor\u00e1ciou FLOAT je extr\u00e9mne \u013eahk\u00e1, pru\u017en\u00e1 a zaru\u010duje pohodlie na ka\u017edom kroku. Podo\u0161va TRIPLE SPEED je vyroban\u00e1 z kombin\u00e1cie extr\u00e9mne \u013eahk\u00e9ho materi\u00e1lu Eva Safety a vysoko odolnej gumy. Vyberate\u013en\u00e1 stielka je vyroben\u00e1 z akt\u00edvnej peny, ktor\u00e1 pom\u00e1ha predch\u00e1dza\u0165 \u00fanave svalov a uvo\u013e\u0148uje tlak na p\u00e4te. Top\u00e1nky s\u00fa naviac vybaven\u00e9 funkciou ESD. V\u010faka pou\u017eit\u00fdm materi\u00e1lom a komponentom je celkov\u00e1 hmotnos\u0165 polp\u00e1ru (ve\u013ekos\u0165 42) iba 580 g. Unik\u00e1tny \u0161portov\u00fd dizajn tohto modelu je \u010fal\u0161ou dole\u017eitou v\u00fdhodou pre t\u00fdch, ktor\u00ed chc\u00fa pri pr\u00e1cu vyzera\u0165 skvelo.<\/p>\n","protected":false},"featured_media":330294,"template":"","meta":{"_acf_changed":false,"inline_featured_image":false},"product_brand":[],"product_cat":[2142,2158],"product_tag":[1198],"class_list":{"0":"post-330292","1":"product","2":"type-product","3":"status-publish","4":"has-post-thumbnail","6":"product_cat-obuv","7":"product_cat-poltopanky","8":"product_tag-to-work-for","9":"pa_velkost-3119","10":"pa_velkost-3109","11":"pa_velkost-3120","12":"pa_velkost-3110","13":"pa_velkost-3121","14":"pa_velkost-3111","15":"pa_velkost-3112","16":"pa_velkost-3113","17":"pa_velkost-3114","18":"pa_velkost-3115","19":"pa_velkost-3116","20":"pa_velkost-3117","21":"pa_velkost-3118","23":"first","24":"instock","25":"taxable","26":"shipping-taxable","27":"purchasable","28":"product-type-variable"},"acf":[],"_links":{"self":[{"href":"https:\/\/gajos.sk\/eshop\/wp-json\/wp\/v2\/product\/330292","targetHints":{"allow":["GET"]}}],"collection":[{"href":"https:\/\/gajos.sk\/eshop\/wp-json\/wp\/v2\/product"}],"about":[{"href":"https:\/\/gajos.sk\/eshop\/wp-json\/wp\/v2\/types\/product"}],"wp:featuredmedia":[{"embeddable":true,"href":"https:\/\/gajos.sk\/eshop\/wp-json\/wp\/v2\/media\/330294"}],"wp:attachment":[{"href":"https:\/\/gajos.sk\/eshop\/wp-json\/wp\/v2\/media?parent=330292"}],"wp:term":[{"taxonomy":"product_brand","embeddable":true,"href":"https:\/\/gajos.sk\/eshop\/wp-json\/wp\/v2\/product_brand?post=330292"},{"taxonomy":"product_cat","embeddable":true,"href":"https:\/\/gajos.sk\/eshop\/wp-json\/wp\/v2\/product_cat?post=330292"},{"taxonomy":"product_tag","embeddable":true,"href":"https:\/\/gajos.sk\/eshop\/wp-json\/wp\/v2\/product_tag?post=330292"}],"curies":[{"name":"wp","href":"https:\/\/api.w.org\/{rel}","templated":true}]}}