{"id":330188,"date":"2024-03-01T18:39:22","date_gmt":"2024-03-01T17:39:22","guid":{"rendered":"https:\/\/gajostest.a2hosted.com\/eshop\/yuwill-mf-esd-s1p-src-poltopanka\/"},"modified":"2026-05-07T21:08:36","modified_gmt":"2026-05-07T19:08:36","slug":"yuwill-mf-esd-s1p-src-poltopanka","status":"publish","type":"product","link":"https:\/\/gajos.sk\/eshop\/p\/yuwill-mf-esd-s1p-src-poltopanka\/","title":{"rendered":"YUWILL MF ESD S1P SRC poltop\u00e1nka"},"content":{"rendered":"","protected":false},"excerpt":{"rendered":"<p>Bezpe\u010dnostn\u00e1 poltop\u00e1nka v modernej \u0161edo-\u017eltej farebnej kombin\u00e1cii. Zvr\u0161ok obuvi je vyroben\u00fd z nubuk ko\u017ee a perforovan\u00fd po celej d\u013a\u017eke. Proti\u0161mykov\u00e1 podo\u0161va odoln\u00e1 olejom je vyroben\u00e1 z dvojhustotn\u00e9ho polyuret\u00e1nu a zais\u0165uje maxim\u00e1lnu istotu pri ka\u017edom kroku. Obuv je vybaven\u00e1 komfortnou, perforovanou vn\u00fatornou stielkou, ktor\u00e1 garantuje pohodlie a cirkul\u00e1ciu vzduchu vo vn\u00fatri top\u00e1nky. Absorpcia energie v oblasti p\u00e4ty tlm\u00ed n\u00e1razy a obmedzuje pocit \u00fanavy n\u00f4h. V\u010faka bezpe\u010dnostnej kompozitnej tu\u017einke obuv sp\u013a\u0148a po\u017eiadavky normy EN ISO 20345:2011. To znamen\u00e1, \u017ee chodidl\u00e1 s\u00fa chr\u00e1nen\u00e9 pred stla\u010den\u00edm silou do 15 kN alebo p\u00e1dom bremena s v\u00e1hou do 20kg z v\u00fd\u0161ky 1m. Chodidl\u00e1 s\u00fa chr\u00e1nen\u00e9 aj zo spodu a to v\u010faka kompozitnej stielke proti prepichnutiu.<br \/>\nObuv neobsahuje kovov\u00e9 s\u00fa\u010dasti a je vybaven\u00e1 funkciou ESD. Preto je to ide\u00e1lny model pre vn\u00fatorn\u00e9 priestory a citliv\u00e9 prostredie, kde je potrebn\u00e9 zabr\u00e1ni\u0165 vzniku iskier z elektrostatick\u00e9ho v\u00fdboja alebo pre priestory vybaven\u00e9 bezpe\u010dnostn\u00fdm r\u00e1mom. V\u010faka minimalistick\u00e9mu dizajnu sa tento model bude skvele hodi\u0165 k v\u00e4\u010d\u0161ine kolekci\u00ed pracovn\u00fdch odevov Cerva.<\/p>\n","protected":false},"featured_media":330190,"template":"","meta":{"_acf_changed":false,"inline_featured_image":false},"product_brand":[],"product_cat":[2142,2158],"product_tag":[1179],"class_list":{"0":"post-330188","1":"product","2":"type-product","3":"status-publish","4":"has-post-thumbnail","6":"product_cat-obuv","7":"product_cat-poltopanky","8":"product_tag-cerva","9":"pa_farba-siva","10":"pa_velkost-3121","11":"pa_velkost-3111","12":"pa_velkost-3112","13":"pa_velkost-3113","14":"pa_velkost-3114","15":"pa_velkost-3115","16":"pa_velkost-3116","17":"pa_velkost-3117","18":"pa_velkost-3118","19":"pa_velkost-3119","20":"pa_velkost-3109","21":"pa_velkost-3120","22":"pa_velkost-3110","24":"first","25":"instock","26":"taxable","27":"shipping-taxable","28":"purchasable","29":"product-type-variable"},"acf":[],"_links":{"self":[{"href":"https:\/\/gajos.sk\/eshop\/wp-json\/wp\/v2\/product\/330188","targetHints":{"allow":["GET"]}}],"collection":[{"href":"https:\/\/gajos.sk\/eshop\/wp-json\/wp\/v2\/product"}],"about":[{"href":"https:\/\/gajos.sk\/eshop\/wp-json\/wp\/v2\/types\/product"}],"wp:featuredmedia":[{"embeddable":true,"href":"https:\/\/gajos.sk\/eshop\/wp-json\/wp\/v2\/media\/330190"}],"wp:attachment":[{"href":"https:\/\/gajos.sk\/eshop\/wp-json\/wp\/v2\/media?parent=330188"}],"wp:term":[{"taxonomy":"product_brand","embeddable":true,"href":"https:\/\/gajos.sk\/eshop\/wp-json\/wp\/v2\/product_brand?post=330188"},{"taxonomy":"product_cat","embeddable":true,"href":"https:\/\/gajos.sk\/eshop\/wp-json\/wp\/v2\/product_cat?post=330188"},{"taxonomy":"product_tag","embeddable":true,"href":"https:\/\/gajos.sk\/eshop\/wp-json\/wp\/v2\/product_tag?post=330188"}],"curies":[{"name":"wp","href":"https:\/\/api.w.org\/{rel}","templated":true}]}}