{"id":330141,"date":"2024-03-01T18:39:10","date_gmt":"2024-03-01T17:39:10","guid":{"rendered":"https:\/\/gajostest.a2hosted.com\/eshop\/wade-mf-esd-s1p-src-poltopanka\/"},"modified":"2026-04-15T21:12:55","modified_gmt":"2026-04-15T19:12:55","slug":"wade-mf-esd-s1p-src-poltopanka","status":"publish","type":"product","link":"https:\/\/gajos.sk\/eshop\/p\/wade-mf-esd-s1p-src-poltopanka\/","title":{"rendered":"WADE MF ESD S1P SRC poltop\u00e1nka"},"content":{"rendered":"","protected":false},"excerpt":{"rendered":"<p>N\u00edzka poltop\u00e1nka bez kovov\u00fdch \u010dast\u00ed, ktorou hlavnou v\u00fdhodou je jej extr\u00e9mna priedu\u0161nos\u0165. Zvr\u0161ok je vyroben\u00fd z mikroperforovanej text\u00edlie, ktor\u00e1 je  v oblasti \u0161pi\u010dky a p\u00e4ty vystu\u017een\u00e1, \u010d\u00edm je zaisten\u00e1 ve\u013emi vysok\u00e1 odolnos\u0165 proti opotrebeniu. Vn\u00fatorn\u00e1 pod\u0161\u00edvka AIRNET mesh s technol\u00f3giou mikrokan\u00e1likov udr\u017euje nohu st\u00e1le svie\u017eu. Bezpe\u010dnostn\u00e1 \u0161pi\u010dka z kompozitn\u00e9ho materi\u00e1lu je pod\u013ea po\u017eiadaviek eur\u00f3pskych noriem testovan\u00e1, aby odolala kompresnej sile a\u017e 200 joulov. Stielka proti prepichnutiu z viacvrstvovej polyesterovej tkaniny spl\u0148uje po\u017eiadavky normy EN ISO 20345:2011. Beh\u00fa\u0148 podo\u0161vy je vyroben\u00fd z vysokohustotn\u00e9ho termo-polyuret\u00e1nu (TPU), preto je podo\u0161va odoln\u00e1 na ka\u017edom povrchu. Dostato\u010dn\u00fd komfort podo\u0161vy zais\u0165uje vrstva polyuret\u00e1nu ni\u017e\u0161ej hustoty (PU) a schopnos\u0165 absorbcie energie v oblasti p\u00e4ty. Model je vyroben\u00fd z certifikovan\u00fdch komponentov najvy\u0161\u0161ej kvality 100% taliansk\u00fdm  v\u00fdrobcom bezpe\u010dnostnej a pracovnej obuvi s viac ako 40 rokmi sk\u00fasenost\u00ed z oboru.<\/p>\n","protected":false},"featured_media":330143,"template":"","meta":{"_acf_changed":false,"inline_featured_image":false},"product_brand":[],"product_cat":[2142,2158],"product_tag":[2207],"class_list":{"0":"post-330141","1":"product","2":"type-product","3":"status-publish","4":"has-post-thumbnail","6":"product_cat-obuv","7":"product_cat-poltopanky","8":"product_tag-panda-safety","9":"pa_farba-modra","10":"pa_velkost-3110","11":"pa_velkost-3121","12":"pa_velkost-3111","13":"pa_velkost-3125","14":"pa_velkost-3112","15":"pa_velkost-3113","16":"pa_velkost-3114","17":"pa_velkost-3115","18":"pa_velkost-3116","19":"pa_velkost-3117","20":"pa_velkost-3118","21":"pa_velkost-3119","22":"pa_velkost-3109","23":"pa_velkost-3120","25":"first","26":"instock","27":"taxable","28":"shipping-taxable","29":"purchasable","30":"product-type-variable"},"acf":[],"_links":{"self":[{"href":"https:\/\/gajos.sk\/eshop\/wp-json\/wp\/v2\/product\/330141","targetHints":{"allow":["GET"]}}],"collection":[{"href":"https:\/\/gajos.sk\/eshop\/wp-json\/wp\/v2\/product"}],"about":[{"href":"https:\/\/gajos.sk\/eshop\/wp-json\/wp\/v2\/types\/product"}],"wp:featuredmedia":[{"embeddable":true,"href":"https:\/\/gajos.sk\/eshop\/wp-json\/wp\/v2\/media\/330143"}],"wp:attachment":[{"href":"https:\/\/gajos.sk\/eshop\/wp-json\/wp\/v2\/media?parent=330141"}],"wp:term":[{"taxonomy":"product_brand","embeddable":true,"href":"https:\/\/gajos.sk\/eshop\/wp-json\/wp\/v2\/product_brand?post=330141"},{"taxonomy":"product_cat","embeddable":true,"href":"https:\/\/gajos.sk\/eshop\/wp-json\/wp\/v2\/product_cat?post=330141"},{"taxonomy":"product_tag","embeddable":true,"href":"https:\/\/gajos.sk\/eshop\/wp-json\/wp\/v2\/product_tag?post=330141"}],"curies":[{"name":"wp","href":"https:\/\/api.w.org\/{rel}","templated":true}]}}