{"id":330118,"date":"2024-03-01T18:39:02","date_gmt":"2024-03-01T17:39:02","guid":{"rendered":"https:\/\/gajostest.a2hosted.com\/eshop\/ronan-mf-s1-src-poltopanka\/"},"modified":"2026-04-15T21:12:55","modified_gmt":"2026-04-15T19:12:55","slug":"ronan-mf-s1-src-poltopanka","status":"publish","type":"product","link":"https:\/\/gajos.sk\/eshop\/p\/ronan-mf-s1-src-poltopanka\/","title":{"rendered":"RONAN MF S1 SRC poltop\u00e1nka"},"content":{"rendered":"","protected":false},"excerpt":{"rendered":"<p>T\u00e1to bezpe\u010dnostn\u00e1 obuv vynik\u00e1 p\u00fatav\u00fdm dizajnom. Zvr\u0161ok je vyroben\u00fd z m\u00e4kk\u00e9ho semi\u0161u. Vpredu je perforovan\u00fd, aby sa zv\u00fd\u0161ilo pr\u00fadenie vzduchu vo vn\u00fatri top\u00e1nky a t\u00fdm aj jej spr\u00e1vna recirkul\u00e1cia. Top\u00e1nka je vybaven\u00e1 kompozitnou bezpe\u010dnostnou \u0161pi\u010dkou, ktor\u00e1 bola testovan\u00e1 pod\u013ea po\u017eiadaviek eur\u00f3pskych noriem, aby odolala tlakovej sile do 200 joulov. Vn\u00fatorn\u00e1 pod\u0161\u00edvka sie\u0165oviny Airnet je ultra priedu\u0161n\u00e1 a je zosilnen\u00e1 v oblasti p\u00e4ty pre zv\u00fd\u0161en\u00fa odolnos\u0165 proti opotrebeniu. Top\u00e1nky s\u00fa vybaven\u00e9 dezinfikovanou vn\u00fatornou stielkou, ktor\u00e1 absorbuje vlhkos\u0165 a m\u00e1 antimikrobi\u00e1lne, antibakteri\u00e1lne, antistatick\u00e9 a protiz\u00e1pachov\u00e9 vlastnosti. Model je vyroben\u00fd z certifikovan\u00fdch komponentov najvy\u0161\u0161ej kvality a 100% talianskeho v\u00fdrobcu bezpe\u010dnostnej a pracovnej obuvi s viac ako 40 ro\u010dn\u00fdmi sk\u00fasenos\u0165ami v odbore.<\/p>\n","protected":false},"featured_media":330120,"template":"","meta":{"_acf_changed":false,"inline_featured_image":false},"product_brand":[],"product_cat":[2142,2158],"product_tag":[2207],"class_list":{"0":"post-330118","1":"product","2":"type-product","3":"status-publish","4":"has-post-thumbnail","6":"product_cat-obuv","7":"product_cat-poltopanky","8":"product_tag-panda-safety","9":"pa_farba-modra","10":"pa_velkost-3118","11":"pa_velkost-3120","12":"pa_velkost-3121","13":"pa_velkost-3109","14":"pa_velkost-3110","15":"pa_velkost-3111","16":"pa_velkost-3116","18":"first","19":"instock","20":"taxable","21":"shipping-taxable","22":"purchasable","23":"product-type-variable"},"acf":[],"_links":{"self":[{"href":"https:\/\/gajos.sk\/eshop\/wp-json\/wp\/v2\/product\/330118","targetHints":{"allow":["GET"]}}],"collection":[{"href":"https:\/\/gajos.sk\/eshop\/wp-json\/wp\/v2\/product"}],"about":[{"href":"https:\/\/gajos.sk\/eshop\/wp-json\/wp\/v2\/types\/product"}],"wp:featuredmedia":[{"embeddable":true,"href":"https:\/\/gajos.sk\/eshop\/wp-json\/wp\/v2\/media\/330120"}],"wp:attachment":[{"href":"https:\/\/gajos.sk\/eshop\/wp-json\/wp\/v2\/media?parent=330118"}],"wp:term":[{"taxonomy":"product_brand","embeddable":true,"href":"https:\/\/gajos.sk\/eshop\/wp-json\/wp\/v2\/product_brand?post=330118"},{"taxonomy":"product_cat","embeddable":true,"href":"https:\/\/gajos.sk\/eshop\/wp-json\/wp\/v2\/product_cat?post=330118"},{"taxonomy":"product_tag","embeddable":true,"href":"https:\/\/gajos.sk\/eshop\/wp-json\/wp\/v2\/product_tag?post=330118"}],"curies":[{"name":"wp","href":"https:\/\/api.w.org\/{rel}","templated":true}]}}