{"id":330075,"date":"2024-03-01T18:37:51","date_gmt":"2024-03-01T17:37:51","guid":{"rendered":"https:\/\/gajostest.a2hosted.com\/eshop\/raven-xt-mf-s3-src-poltopanka\/"},"modified":"2026-05-01T21:12:49","modified_gmt":"2026-05-01T19:12:49","slug":"raven-xt-mf-s3-src-poltopanka","status":"publish","type":"product","link":"https:\/\/gajos.sk\/eshop\/p\/raven-xt-mf-s3-src-poltopanka\/","title":{"rendered":"RAVEN XT MF S3 SRC poltop\u00e1nka"},"content":{"rendered":"","protected":false},"excerpt":{"rendered":"<p>Bezpe\u010dnostn\u00e9 poltop\u00e1nky s nekovovou tu\u017einkou a kompozitnou stielkou proti prepichnutiu. PU \/ PU podo\u0161va odoln\u00e1 pohonn\u00fdm hmot\u00e1m a\u00a0olejom a zvr\u0161kom z ko\u017ee. Obuv bez kovov\u00fdch s\u00fa\u010dast\u00ed \u2013 metal free.<\/p>\n","protected":false},"featured_media":330077,"template":"","meta":{"_acf_changed":false,"inline_featured_image":false},"product_brand":[],"product_cat":[2142,2158],"product_tag":[1179],"class_list":{"0":"post-330075","1":"product","2":"type-product","3":"status-publish","4":"has-post-thumbnail","6":"product_cat-obuv","7":"product_cat-poltopanky","8":"product_tag-cerva","9":"pa_farba-cierna","10":"pa_velkost-3109","11":"pa_velkost-3120","12":"pa_velkost-3110","13":"pa_velkost-3121","14":"pa_velkost-3111","15":"pa_velkost-3123","16":"pa_velkost-3112","17":"pa_velkost-3124","18":"pa_velkost-3113","19":"pa_velkost-3114","20":"pa_velkost-3115","21":"pa_velkost-3116","22":"pa_velkost-3117","23":"pa_velkost-3118","24":"pa_velkost-3119","26":"first","27":"instock","28":"taxable","29":"shipping-taxable","30":"purchasable","31":"product-type-variable"},"acf":[],"_links":{"self":[{"href":"https:\/\/gajos.sk\/eshop\/wp-json\/wp\/v2\/product\/330075","targetHints":{"allow":["GET"]}}],"collection":[{"href":"https:\/\/gajos.sk\/eshop\/wp-json\/wp\/v2\/product"}],"about":[{"href":"https:\/\/gajos.sk\/eshop\/wp-json\/wp\/v2\/types\/product"}],"wp:featuredmedia":[{"embeddable":true,"href":"https:\/\/gajos.sk\/eshop\/wp-json\/wp\/v2\/media\/330077"}],"wp:attachment":[{"href":"https:\/\/gajos.sk\/eshop\/wp-json\/wp\/v2\/media?parent=330075"}],"wp:term":[{"taxonomy":"product_brand","embeddable":true,"href":"https:\/\/gajos.sk\/eshop\/wp-json\/wp\/v2\/product_brand?post=330075"},{"taxonomy":"product_cat","embeddable":true,"href":"https:\/\/gajos.sk\/eshop\/wp-json\/wp\/v2\/product_cat?post=330075"},{"taxonomy":"product_tag","embeddable":true,"href":"https:\/\/gajos.sk\/eshop\/wp-json\/wp\/v2\/product_tag?post=330075"}],"curies":[{"name":"wp","href":"https:\/\/api.w.org\/{rel}","templated":true}]}}