{"id":330051,"date":"2024-03-01T18:37:44","date_gmt":"2024-03-01T17:37:44","guid":{"rendered":"https:\/\/gajostest.a2hosted.com\/eshop\/jumper-esd-s1p-src-poltopanka\/"},"modified":"2026-04-25T21:12:47","modified_gmt":"2026-04-25T19:12:47","slug":"jumper-esd-s1p-src-poltopanka","status":"publish","type":"product","link":"https:\/\/gajos.sk\/eshop\/p\/jumper-esd-s1p-src-poltopanka\/","title":{"rendered":"JUMPER ESD S1P SRC poltop\u00e1nka"},"content":{"rendered":"","protected":false},"excerpt":{"rendered":"<p>Bezpe\u010dnostn\u00e1 ESD poltop\u00e1nka s kovovou bezpe\u010dnostnou \u0161picou a stielkou odolnou vo\u010di prepichnutiu. Gumov\u00e1 podr\u00e1\u017eka s Air Tubeless syst\u00e9mom pre zv\u00fd\u0161enie komfortu pri ch\u00f4dzi. Zvr\u0161ok z mikrovl\u00e1kna.<\/p>\n","protected":false},"featured_media":330053,"template":"","meta":{"_acf_changed":false,"inline_featured_image":false},"product_brand":[],"product_cat":[2142,2158],"product_tag":[1198],"class_list":{"0":"post-330051","1":"product","2":"type-product","3":"status-publish","4":"has-post-thumbnail","6":"product_cat-obuv","7":"product_cat-poltopanky","8":"product_tag-to-work-for","9":"pa_farba-siva","10":"pa_velkost-3113","11":"pa_velkost-3114","12":"pa_velkost-3115","13":"pa_velkost-3116","14":"pa_velkost-3117","15":"pa_velkost-3118","16":"pa_velkost-3109","17":"pa_velkost-3110","18":"pa_velkost-3111","19":"pa_velkost-3112","21":"first","22":"instock","23":"taxable","24":"shipping-taxable","25":"purchasable","26":"product-type-variable"},"acf":[],"_links":{"self":[{"href":"https:\/\/gajos.sk\/eshop\/wp-json\/wp\/v2\/product\/330051","targetHints":{"allow":["GET"]}}],"collection":[{"href":"https:\/\/gajos.sk\/eshop\/wp-json\/wp\/v2\/product"}],"about":[{"href":"https:\/\/gajos.sk\/eshop\/wp-json\/wp\/v2\/types\/product"}],"wp:featuredmedia":[{"embeddable":true,"href":"https:\/\/gajos.sk\/eshop\/wp-json\/wp\/v2\/media\/330053"}],"wp:attachment":[{"href":"https:\/\/gajos.sk\/eshop\/wp-json\/wp\/v2\/media?parent=330051"}],"wp:term":[{"taxonomy":"product_brand","embeddable":true,"href":"https:\/\/gajos.sk\/eshop\/wp-json\/wp\/v2\/product_brand?post=330051"},{"taxonomy":"product_cat","embeddable":true,"href":"https:\/\/gajos.sk\/eshop\/wp-json\/wp\/v2\/product_cat?post=330051"},{"taxonomy":"product_tag","embeddable":true,"href":"https:\/\/gajos.sk\/eshop\/wp-json\/wp\/v2\/product_tag?post=330051"}],"curies":[{"name":"wp","href":"https:\/\/api.w.org\/{rel}","templated":true}]}}