{"id":330035,"date":"2024-03-01T18:37:40","date_gmt":"2024-03-01T17:37:40","guid":{"rendered":"https:\/\/gajostest.a2hosted.com\/eshop\/x-n2-s3-hro-src-poltopanka\/"},"modified":"2026-04-25T21:12:47","modified_gmt":"2026-04-25T19:12:47","slug":"x-n2-s3-hro-src-poltopanka","status":"publish","type":"product","link":"https:\/\/gajos.sk\/eshop\/p\/x-n2-s3-hro-src-poltopanka\/","title":{"rendered":"X-N2 S3 HRO SRC poltop\u00e1nka"},"content":{"rendered":"","protected":false},"excerpt":{"rendered":"<p>Bezpe\u010dnostn\u00e1 poltop\u00e1nka s hlin\u00edkovou tu\u017einkou a kevlarovou stielkou odolnou proti prepichnutiu. Podo\u0161va vyroben\u00e1 z ve\u013emi \u013eahk\u00e9ho materi\u00e1lu EVA. Zvr\u0161ok obuvi je tvoren\u00fd \u0161peci\u00e1lnou tkaninou, ktor\u00e1 je retroreflekt\u00edvna pre v\u00e4\u010d\u0161iu viditelnos\u0165 u\u017e\u00edvate\u013ea.<\/p>\n","protected":false},"featured_media":330037,"template":"","meta":{"_acf_changed":false,"inline_featured_image":false},"product_brand":[],"product_cat":[2142,2158],"product_tag":[1198],"class_list":{"0":"post-330035","1":"product","2":"type-product","3":"status-publish","4":"has-post-thumbnail","6":"product_cat-obuv","7":"product_cat-poltopanky","8":"product_tag-to-work-for","9":"pa_farba-cierna","10":"pa_velkost-3119","11":"pa_velkost-3109","12":"pa_velkost-3120","13":"pa_velkost-3110","14":"pa_velkost-3121","15":"pa_velkost-3111","16":"pa_velkost-3125","17":"pa_velkost-3112","18":"pa_velkost-3113","19":"pa_velkost-3114","20":"pa_velkost-3115","21":"pa_velkost-3116","22":"pa_velkost-3117","23":"pa_velkost-3118","25":"first","26":"instock","27":"taxable","28":"shipping-taxable","29":"purchasable","30":"product-type-variable"},"acf":[],"_links":{"self":[{"href":"https:\/\/gajos.sk\/eshop\/wp-json\/wp\/v2\/product\/330035","targetHints":{"allow":["GET"]}}],"collection":[{"href":"https:\/\/gajos.sk\/eshop\/wp-json\/wp\/v2\/product"}],"about":[{"href":"https:\/\/gajos.sk\/eshop\/wp-json\/wp\/v2\/types\/product"}],"wp:featuredmedia":[{"embeddable":true,"href":"https:\/\/gajos.sk\/eshop\/wp-json\/wp\/v2\/media\/330037"}],"wp:attachment":[{"href":"https:\/\/gajos.sk\/eshop\/wp-json\/wp\/v2\/media?parent=330035"}],"wp:term":[{"taxonomy":"product_brand","embeddable":true,"href":"https:\/\/gajos.sk\/eshop\/wp-json\/wp\/v2\/product_brand?post=330035"},{"taxonomy":"product_cat","embeddable":true,"href":"https:\/\/gajos.sk\/eshop\/wp-json\/wp\/v2\/product_cat?post=330035"},{"taxonomy":"product_tag","embeddable":true,"href":"https:\/\/gajos.sk\/eshop\/wp-json\/wp\/v2\/product_tag?post=330035"}],"curies":[{"name":"wp","href":"https:\/\/api.w.org\/{rel}","templated":true}]}}