{"id":330029,"date":"2024-03-01T18:37:37","date_gmt":"2024-03-01T17:37:37","guid":{"rendered":"https:\/\/gajostest.a2hosted.com\/eshop\/eve-mf-s3-src-poltopanka\/"},"modified":"2026-04-25T21:12:47","modified_gmt":"2026-04-25T19:12:47","slug":"eve-mf-s3-src-poltopanka","status":"publish","type":"product","link":"https:\/\/gajos.sk\/eshop\/p\/eve-mf-s3-src-poltopanka\/","title":{"rendered":"EVE MF S3 SRC poltop\u00e1nka"},"content":{"rendered":"","protected":false},"excerpt":{"rendered":"<p>Bezpe\u010dnostn\u00e9 d\u00e1mske poltop\u00e1nky s nekovovou tu\u017einkou a aramidovou stielkou odolnou proti prepichnutiu. Podo\u0161va vyroben\u00e1 z PU\/GUMA. Zvr\u0161ok z kvalitnej vodeodolnej ko\u017ee nubuk.<\/p>\n","protected":false},"featured_media":330031,"template":"","meta":{"_acf_changed":false,"inline_featured_image":false},"product_brand":[],"product_cat":[2142,2158],"product_tag":[1198],"class_list":{"0":"post-330029","1":"product","2":"type-product","3":"status-publish","4":"has-post-thumbnail","6":"product_cat-obuv","7":"product_cat-poltopanky","8":"product_tag-to-work-for","9":"pa_farba-cierna","10":"pa_velkost-3125","11":"pa_velkost-3114","12":"pa_velkost-3116","13":"pa_velkost-3117","14":"pa_velkost-3120","16":"first","17":"instock","18":"taxable","19":"shipping-taxable","20":"purchasable","21":"product-type-variable"},"acf":[],"_links":{"self":[{"href":"https:\/\/gajos.sk\/eshop\/wp-json\/wp\/v2\/product\/330029","targetHints":{"allow":["GET"]}}],"collection":[{"href":"https:\/\/gajos.sk\/eshop\/wp-json\/wp\/v2\/product"}],"about":[{"href":"https:\/\/gajos.sk\/eshop\/wp-json\/wp\/v2\/types\/product"}],"wp:featuredmedia":[{"embeddable":true,"href":"https:\/\/gajos.sk\/eshop\/wp-json\/wp\/v2\/media\/330031"}],"wp:attachment":[{"href":"https:\/\/gajos.sk\/eshop\/wp-json\/wp\/v2\/media?parent=330029"}],"wp:term":[{"taxonomy":"product_brand","embeddable":true,"href":"https:\/\/gajos.sk\/eshop\/wp-json\/wp\/v2\/product_brand?post=330029"},{"taxonomy":"product_cat","embeddable":true,"href":"https:\/\/gajos.sk\/eshop\/wp-json\/wp\/v2\/product_cat?post=330029"},{"taxonomy":"product_tag","embeddable":true,"href":"https:\/\/gajos.sk\/eshop\/wp-json\/wp\/v2\/product_tag?post=330029"}],"curies":[{"name":"wp","href":"https:\/\/api.w.org\/{rel}","templated":true}]}}