{"id":330005,"date":"2024-03-01T18:37:31","date_gmt":"2024-03-01T17:37:31","guid":{"rendered":"https:\/\/gajostest.a2hosted.com\/eshop\/huayra-qls-s3-src-poltopanka\/"},"modified":"2026-04-15T21:12:54","modified_gmt":"2026-04-15T19:12:54","slug":"huayra-qls-s3-src-poltopanka","status":"publish","type":"product","link":"https:\/\/gajos.sk\/eshop\/p\/huayra-qls-s3-src-poltopanka\/","title":{"rendered":"HUAYRA QLS S3 SRC poltop\u00e1nka"},"content":{"rendered":"","protected":false},"excerpt":{"rendered":"<p>Bezpe\u010dnostn\u00e1 poltop\u00e1nka s kovovou tu\u017einkou a stielkou odolnou proti prepichnutiu. Podo\u0161va vyroben\u00e1 z PU\/PU. Zvr\u0161ok z kvalitnej l\u00edcovej ko\u017ee. Unik\u00e1tne r\u00fdchlozap\u00ednanie pomocou kolieska.<\/p>\n","protected":false},"featured_media":330007,"template":"","meta":{"_acf_changed":false,"inline_featured_image":false},"product_brand":[],"product_cat":[2142,2158],"product_tag":[2207],"class_list":{"0":"post-330005","1":"product","2":"type-product","3":"status-publish","4":"has-post-thumbnail","6":"product_cat-obuv","7":"product_cat-poltopanky","8":"product_tag-panda-safety","9":"pa_farba-cierna","10":"pa_velkost-3113","11":"pa_velkost-3114","12":"pa_velkost-3115","13":"pa_velkost-3116","14":"pa_velkost-3117","15":"pa_velkost-3118","16":"pa_velkost-3121","17":"pa_velkost-3109","18":"pa_velkost-3110","19":"pa_velkost-3111","20":"pa_velkost-3112","22":"first","23":"instock","24":"taxable","25":"shipping-taxable","26":"purchasable","27":"product-type-variable"},"acf":[],"_links":{"self":[{"href":"https:\/\/gajos.sk\/eshop\/wp-json\/wp\/v2\/product\/330005","targetHints":{"allow":["GET"]}}],"collection":[{"href":"https:\/\/gajos.sk\/eshop\/wp-json\/wp\/v2\/product"}],"about":[{"href":"https:\/\/gajos.sk\/eshop\/wp-json\/wp\/v2\/types\/product"}],"wp:featuredmedia":[{"embeddable":true,"href":"https:\/\/gajos.sk\/eshop\/wp-json\/wp\/v2\/media\/330007"}],"wp:attachment":[{"href":"https:\/\/gajos.sk\/eshop\/wp-json\/wp\/v2\/media?parent=330005"}],"wp:term":[{"taxonomy":"product_brand","embeddable":true,"href":"https:\/\/gajos.sk\/eshop\/wp-json\/wp\/v2\/product_brand?post=330005"},{"taxonomy":"product_cat","embeddable":true,"href":"https:\/\/gajos.sk\/eshop\/wp-json\/wp\/v2\/product_cat?post=330005"},{"taxonomy":"product_tag","embeddable":true,"href":"https:\/\/gajos.sk\/eshop\/wp-json\/wp\/v2\/product_tag?post=330005"}],"curies":[{"name":"wp","href":"https:\/\/api.w.org\/{rel}","templated":true}]}}