{"id":329944,"date":"2024-03-01T18:37:08","date_gmt":"2024-03-01T17:37:08","guid":{"rendered":"https:\/\/gajostest.a2hosted.com\/eshop\/montrose-orange-esd-s1p-src-poltopanka\/"},"modified":"2026-05-01T21:10:52","modified_gmt":"2026-05-01T19:10:52","slug":"montrose-orange-esd-s1p-src-poltopanka","status":"publish","type":"product","link":"https:\/\/gajos.sk\/eshop\/p\/montrose-orange-esd-s1p-src-poltopanka\/","title":{"rendered":"MONTROSE ORANGE ESD S1P SRC poltop\u00e1nka"},"content":{"rendered":"","protected":false},"excerpt":{"rendered":"<p>Bezpe\u010dnostn\u00e9 poltop\u00e1nky s kovovou tu\u017einkou a stielkou odolnou proti prepichnutiu. Podo\u0161va z dvojhustotn\u00e9ho PU. Zvr\u0161ok z br\u00fasenej ko\u017ee. Perfektne sa hod\u00ed k mont\u00e9rkovej kolekcii Montrose.<\/p>\n","protected":false},"featured_media":329946,"template":"","meta":{"_acf_changed":false,"inline_featured_image":false},"product_brand":[],"product_cat":[2142,2158],"product_tag":[1179],"class_list":{"0":"post-329944","1":"product","2":"type-product","3":"status-publish","4":"has-post-thumbnail","6":"product_cat-obuv","7":"product_cat-poltopanky","8":"product_tag-cerva","9":"pa_velkost-3112","10":"pa_velkost-3113","11":"pa_velkost-3114","12":"pa_velkost-3115","13":"pa_velkost-3116","14":"pa_velkost-3117","15":"pa_velkost-3119","16":"pa_velkost-3120","17":"pa_velkost-3109","18":"pa_velkost-3121","19":"pa_velkost-3110","20":"pa_velkost-3125","21":"pa_velkost-3111","23":"first","24":"instock","25":"taxable","26":"shipping-taxable","27":"purchasable","28":"product-type-variable"},"acf":[],"_links":{"self":[{"href":"https:\/\/gajos.sk\/eshop\/wp-json\/wp\/v2\/product\/329944","targetHints":{"allow":["GET"]}}],"collection":[{"href":"https:\/\/gajos.sk\/eshop\/wp-json\/wp\/v2\/product"}],"about":[{"href":"https:\/\/gajos.sk\/eshop\/wp-json\/wp\/v2\/types\/product"}],"wp:featuredmedia":[{"embeddable":true,"href":"https:\/\/gajos.sk\/eshop\/wp-json\/wp\/v2\/media\/329946"}],"wp:attachment":[{"href":"https:\/\/gajos.sk\/eshop\/wp-json\/wp\/v2\/media?parent=329944"}],"wp:term":[{"taxonomy":"product_brand","embeddable":true,"href":"https:\/\/gajos.sk\/eshop\/wp-json\/wp\/v2\/product_brand?post=329944"},{"taxonomy":"product_cat","embeddable":true,"href":"https:\/\/gajos.sk\/eshop\/wp-json\/wp\/v2\/product_cat?post=329944"},{"taxonomy":"product_tag","embeddable":true,"href":"https:\/\/gajos.sk\/eshop\/wp-json\/wp\/v2\/product_tag?post=329944"}],"curies":[{"name":"wp","href":"https:\/\/api.w.org\/{rel}","templated":true}]}}