{"id":329935,"date":"2024-03-01T18:37:03","date_gmt":"2024-03-01T17:37:03","guid":{"rendered":"https:\/\/gajostest.a2hosted.com\/eshop\/raven-o2-src-poltopanka\/"},"modified":"2026-05-01T21:10:52","modified_gmt":"2026-05-01T19:10:52","slug":"raven-o2-src-poltopanka","status":"publish","type":"product","link":"https:\/\/gajos.sk\/eshop\/p\/raven-o2-src-poltopanka\/","title":{"rendered":"RAVEN O2 SRC poltop\u00e1nka"},"content":{"rendered":"","protected":false},"excerpt":{"rendered":"<p>Pracovn\u00e9 poltop\u00e1nky. Podo\u0161va z\u00a0jednohustotn\u00e9ho PU. Zvr\u0161ok z\u00a0inovat\u00edvneho mikrovl\u00e1kna, ktor\u00e9 zais\u0165uje u\u017e\u00edvate\u013eovi perfektn\u00fa priedu\u0161nos\u0165.<\/p>\n","protected":false},"featured_media":329937,"template":"","meta":{"_acf_changed":false,"inline_featured_image":false},"product_brand":[],"product_cat":[2142,2158],"product_tag":[1179],"class_list":{"0":"post-329935","1":"product","2":"type-product","3":"status-publish","4":"has-post-thumbnail","6":"product_cat-obuv","7":"product_cat-poltopanky","8":"product_tag-cerva","9":"pa_farba-biela","10":"pa_velkost-3109","11":"pa_velkost-3110","12":"pa_velkost-3115","13":"pa_velkost-3116","14":"pa_velkost-3117","15":"pa_velkost-3119","16":"pa_velkost-3125","18":"first","19":"instock","20":"taxable","21":"shipping-taxable","22":"purchasable","23":"product-type-variable"},"acf":[],"_links":{"self":[{"href":"https:\/\/gajos.sk\/eshop\/wp-json\/wp\/v2\/product\/329935","targetHints":{"allow":["GET"]}}],"collection":[{"href":"https:\/\/gajos.sk\/eshop\/wp-json\/wp\/v2\/product"}],"about":[{"href":"https:\/\/gajos.sk\/eshop\/wp-json\/wp\/v2\/types\/product"}],"wp:featuredmedia":[{"embeddable":true,"href":"https:\/\/gajos.sk\/eshop\/wp-json\/wp\/v2\/media\/329937"}],"wp:attachment":[{"href":"https:\/\/gajos.sk\/eshop\/wp-json\/wp\/v2\/media?parent=329935"}],"wp:term":[{"taxonomy":"product_brand","embeddable":true,"href":"https:\/\/gajos.sk\/eshop\/wp-json\/wp\/v2\/product_brand?post=329935"},{"taxonomy":"product_cat","embeddable":true,"href":"https:\/\/gajos.sk\/eshop\/wp-json\/wp\/v2\/product_cat?post=329935"},{"taxonomy":"product_tag","embeddable":true,"href":"https:\/\/gajos.sk\/eshop\/wp-json\/wp\/v2\/product_tag?post=329935"}],"curies":[{"name":"wp","href":"https:\/\/api.w.org\/{rel}","templated":true}]}}